{"id":1906,"date":"2025-04-10T21:26:31","date_gmt":"2025-04-10T18:26:31","guid":{"rendered":"https:\/\/hotelatlantis.com\/chambre-classique-simple\/"},"modified":"2025-11-06T01:23:59","modified_gmt":"2025-11-05T23:23:59","slug":"chambre-classique-simple","status":"publish","type":"page","link":"https:\/\/hotelatlantis.com\/fr\/chambre-classique-simple\/","title":{"rendered":"Chambre classique, simple"},"content":{"rendered":"<p>[et_pb_section fb_built=\u00a0\u00bb1&Prime; _builder_version=\u00a0\u00bb4.26.0&Prime; _module_preset=\u00a0\u00bbdefault\u00a0\u00bb background_color=\u00a0\u00bb#f3eee7&Prime; custom_margin=\u00a0\u00bb-140px||||false|false\u00a0\u00bb custom_padding=\u00a0\u00bb0px||0px|||\u00a0\u00bb global_colors_info=\u00a0\u00bb{}\u00a0\u00bb][et_pb_row _builder_version=\u00a0\u00bb4.24.3&Prime; _module_preset=\u00a0\u00bbdefault\u00a0\u00bb width=\u00a0\u00bb100%\u00a0\u00bb max_width=\u00a0\u00bb2560px\u00a0\u00bb custom_padding=\u00a0\u00bb0px||0px|||\u00a0\u00bb global_colors_info=\u00a0\u00bb{}\u00a0\u00bb][et_pb_column type=\u00a0\u00bb4_4&Prime; _builder_version=\u00a0\u00bb4.24.3&Prime; _module_preset=\u00a0\u00bbdefault\u00a0\u00bb global_colors_info=\u00a0\u00bb{}\u00a0\u00bb][et_pb_slider _builder_version=\u00a0\u00bb4.27.4&Prime; _module_preset=\u00a0\u00bbdefault\u00a0\u00bb header_text_color=\u00a0\u00bb#FFFFFF\u00a0\u00bb header_letter_spacing=\u00a0\u00bb1px\u00a0\u00bb body_text_color=\u00a0\u00bb#FFFFFF\u00a0\u00bb background_enable_image=\u00a0\u00bboff\u00a0\u00bb background_position=\u00a0\u00bbbottom_center\u00a0\u00bb min_height=\u00a0\u00bb900px\u00a0\u00bb min_height_tablet=\u00a0\u00bb500px\u00a0\u00bb min_height_phone=\u00a0\u00bb400px\u00a0\u00bb min_height_last_edited=\u00a0\u00bbon|desktop\u00a0\u00bb hover_enabled=\u00a0\u00bb0&Prime; locked=\u00a0\u00bboff\u00a0\u00bb global_colors_info=\u00a0\u00bb{}\u00a0\u00bb sticky_enabled=\u00a0\u00bb0&Prime;][et_pb_slide _builder_version=\u00a0\u00bb4.27.4&Prime; _module_preset=\u00a0\u00bbdefault\u00a0\u00bb background_image=\u00a0\u00bbhttps:\/\/hotelatlantis.com\/wp-content\/uploads\/2025\/06\/Atlantis_Hotel_Classic_room_banner_1920x1080.jpg\u00a0\u00bb background_enable_image=\u00a0\u00bbon\u00a0\u00bb width=\u00a0\u00bb100%\u00a0\u00bb locked=\u00a0\u00bboff\u00a0\u00bb global_colors_info=\u00a0\u00bb{}\u00a0\u00bb sticky_transition=\u00a0\u00bbon\u00a0\u00bb][\/et_pb_slide][\/et_pb_slider][\/et_pb_column][\/et_pb_row][\/et_pb_section][et_pb_section fb_built=\u00a0\u00bb1&Prime; _builder_version=\u00a0\u00bb4.26.0&Prime; _module_preset=\u00a0\u00bbdefault\u00a0\u00bb background_color=\u00a0\u00bb#f3eee7&Prime; custom_margin=\u00a0\u00bb0px||0px||false|false\u00a0\u00bb custom_padding=\u00a0\u00bb100px||2px||false|false\u00a0\u00bb global_colors_info=\u00a0\u00bb{}\u00a0\u00bb][et_pb_row _builder_version=\u00a0\u00bb4.24.2&Prime; _module_preset=\u00a0\u00bbdefault\u00a0\u00bb width=\u00a0\u00bb70%\u00a0\u00bb width_tablet=\u00a0\u00bb\u00a0\u00bb width_phone=\u00a0\u00bb90%\u00a0\u00bb width_last_edited=\u00a0\u00bbon|phone\u00a0\u00bb max_width=\u00a0\u00bb2560px\u00a0\u00bb custom_padding=\u00a0\u00bb0px||1px|||\u00a0\u00bb global_colors_info=\u00a0\u00bb{}\u00a0\u00bb][et_pb_column type=\u00a0\u00bb4_4&Prime; _builder_version=\u00a0\u00bb4.26.0&Prime; _module_preset=\u00a0\u00bbdefault\u00a0\u00bb global_colors_info=\u00a0\u00bb{}\u00a0\u00bb][et_pb_text module_class=\u00a0\u00bbitaliana-regular\u00a0\u00bb _builder_version=\u00a0\u00bb4.27.4&Prime; _module_preset=\u00a0\u00bb_initial\u00a0\u00bb text_text_color=\u00a0\u00bb#313131&Prime; text_font_size=\u00a0\u00bb32px\u00a0\u00bb text_line_height=\u00a0\u00bb1.2em\u00a0\u00bb min_height=\u00a0\u00bb43.8px\u00a0\u00bb custom_margin=\u00a0\u00bb||30px||false|false\u00a0\u00bb custom_margin_tablet=\u00a0\u00bb||30px||false|false\u00a0\u00bb custom_margin_phone=\u00a0\u00bb||30px||false|false\u00a0\u00bb custom_margin_last_edited=\u00a0\u00bbon|desktop\u00a0\u00bb custom_padding=\u00a0\u00bb||||false|false\u00a0\u00bb locked=\u00a0\u00bboff\u00a0\u00bb global_colors_info=\u00a0\u00bb{}\u00a0\u00bb]<\/p>\n<p>Chambre classique, simple<\/p>\n<p>[\/et_pb_text][\/et_pb_column][\/et_pb_row][et_pb_row column_structure=\u00a0\u00bb3_5,2_5&Prime; _builder_version=\u00a0\u00bb4.27.0&Prime; _module_preset=\u00a0\u00bbdefault\u00a0\u00bb width=\u00a0\u00bb70%\u00a0\u00bb width_tablet=\u00a0\u00bb\u00a0\u00bb width_phone=\u00a0\u00bb90%\u00a0\u00bb width_last_edited=\u00a0\u00bbon|phone\u00a0\u00bb max_width=\u00a0\u00bb2560px\u00a0\u00bb custom_padding=\u00a0\u00bb0px||50px||false|false\u00a0\u00bb global_colors_info=\u00a0\u00bb{}\u00a0\u00bb][et_pb_column type=\u00a0\u00bb3_5&Prime; _builder_version=\u00a0\u00bb4.26.0&Prime; _module_preset=\u00a0\u00bbdefault\u00a0\u00bb global_colors_info=\u00a0\u00bb{}\u00a0\u00bb][et_pb_text _builder_version=\u00a0\u00bb4.27.4&Prime; _module_preset=\u00a0\u00bb_initial\u00a0\u00bb custom_margin_tablet=\u00a0\u00bb\u00a0\u00bb custom_margin_phone=\u00a0\u00bb\u00a0\u00bb custom_margin_last_edited=\u00a0\u00bbon|desktop\u00a0\u00bb global_colors_info=\u00a0\u00bb{}\u00a0\u00bb]Situ\u00e9es au premier \u00e9tage, ces chambres constituent un point de d\u00e9part id\u00e9al pour explorer H\u00e9raklion et vous garantir une exp\u00e9rience reposante. Une touche contemporaine et un espace de travail fonctionnel cr\u00e9ent une atmosph\u00e8re confortable. La vue sur la ville ou sur l&rsquo;atrium constitue une douce toile de fond.[\/et_pb_text][et_pb_button button_url=\u00a0\u00bbhttps:\/\/aquilaatlantishotel.reserve-online.net\/?_gl=1*166h9ks*_gcl_au*NzM1MzgyODY0LjE3NDEyMTAzMzY.*_ga*MTk4NjE5NzgzNy4xNzQxMjEwMzM2*_ga_VCRPPQKHMP*MTc0MzkyNTcwOS40LjAuMTc0MzkyNTcwOS42MC4wLjA.&#038;_ga=2.121465160.1784729717.1743925709-1986197837.1741210336&Prime; url_new_window=\u00a0\u00bbon\u00a0\u00bb button_text=\u00a0\u00bbV\u00e9rifier les tarifs\u00a0\u00bb admin_label=\u00a0\u00bbButton\u00a0\u00bb module_class=\u00a0\u00bbfullwidthBTN\u00a0\u00bb _builder_version=\u00a0\u00bb4.27.4&Prime; _module_preset=\u00a0\u00bbdefault\u00a0\u00bb custom_button=\u00a0\u00bbon\u00a0\u00bb button_text_size=\u00a0\u00bb17px\u00a0\u00bb button_text_color=\u00a0\u00bb#FFFFFF\u00a0\u00bb button_bg_color=\u00a0\u00bbrgba(182,164,134,0.66)\u00a0\u00bb button_border_color=\u00a0\u00bbrgba(182,164,134,0.66)\u00a0\u00bb custom_margin=\u00a0\u00bb10px||0px||false|false\u00a0\u00bb custom_padding=\u00a0\u00bb||||false|false\u00a0\u00bb locked=\u00a0\u00bboff\u00a0\u00bb global_colors_info=\u00a0\u00bb{}\u00a0\u00bb][\/et_pb_button][\/et_pb_column][et_pb_column type=\u00a0\u00bb2_5&Prime; _builder_version=\u00a0\u00bb4.26.0&Prime; _module_preset=\u00a0\u00bbdefault\u00a0\u00bb global_colors_info=\u00a0\u00bb{}\u00a0\u00bb][et_pb_text _builder_version=\u00a0\u00bb4.27.4&Prime; _module_preset=\u00a0\u00bb_initial\u00a0\u00bb text_line_height=\u00a0\u00bb2.3em\u00a0\u00bb custom_margin=\u00a0\u00bb-40px||-1px||false|false\u00a0\u00bb custom_margin_tablet=\u00a0\u00bb||-1px|||\u00a0\u00bb custom_margin_phone=\u00a0\u00bb||-1px|||\u00a0\u00bb custom_margin_last_edited=\u00a0\u00bbon|phone\u00a0\u00bb custom_padding=\u00a0\u00bb30px||9px||false|false\u00a0\u00bb border_radii=\u00a0\u00bbon|1px|1px|1px|1px\u00a0\u00bb border_width_bottom=\u00a0\u00bb1px\u00a0\u00bb border_color_bottom=\u00a0\u00bb#b6a486&Prime; global_colors_info=\u00a0\u00bb{}\u00a0\u00bb]<\/p>\n<p><strong><img decoding=\"async\" src=\"https:\/\/hotelatlantis.com\/wp-content\/uploads\/2025\/04\/eye-1.png\" width=\"16\" height=\"16\" alt=\"\" class=\"wp-image-1759 alignnone size-full\"><\/strong>  Vue urbaine ou Atrium de l&rsquo;h\u00f4tel<br \/><img decoding=\"async\" src=\"https:\/\/hotelatlantis.com\/wp-content\/uploads\/2025\/04\/A-adult.png\" width=\"16\" height=\"16\" alt=\"\" class=\"wp-image-1759 alignnone size-full\"> Maximum 1 adulte<br \/><img decoding=\"async\" src=\"https:\/\/hotelatlantis.com\/wp-content\/uploads\/2025\/04\/a-arrow.png\" width=\"16\" height=\"16\" alt=\"\" class=\"wp-image-1759 alignnone size-full\"> 20-24m m\u00b2<br \/><img decoding=\"async\" src=\"https:\/\/hotelatlantis.com\/wp-content\/uploads\/2025\/04\/a-bed.png\" width=\"16\" height=\"16\" alt=\"\" class=\"wp-image-1759 alignnone size-full\"> Queen Size<\/p>\n<div id=\"awebChromeHelper\" data-version=\"1.24.2\"><\/div>\n<p>[\/et_pb_text][et_pb_button button_url=\u00a0\u00bbhttps:\/\/hotelatlantis.com\/wp-content\/uploads\/2025\/06\/AQUILA-ATLANTIS-HOTEL-COMFORT-ROOM-1024&#215;605-1.pdf\u00a0\u00bb url_new_window=\u00a0\u00bbon\u00a0\u00bb button_text=\u00a0\u00bbVoir le plan d&apos;\u00e9tage\u00a0\u00bb _builder_version=\u00a0\u00bb4.27.4&Prime; _module_preset=\u00a0\u00bbdefault\u00a0\u00bb custom_button=\u00a0\u00bbon\u00a0\u00bb button_text_size=\u00a0\u00bb14px\u00a0\u00bb button_text_color=\u00a0\u00bb#b6a486&Prime; button_bg_color=\u00a0\u00bbRGBA(255,255,255,0)\u00a0\u00bb button_border_color=\u00a0\u00bb#b6a486&Prime; button_icon=\u00a0\u00bb&#x22;||divi||400&Prime; button_icon_color=\u00a0\u00bb#b6a486&Prime; button_on_hover=\u00a0\u00bboff\u00a0\u00bb custom_margin=\u00a0\u00bb16px||15px||false|false\u00a0\u00bb global_colors_info=\u00a0\u00bb{}\u00a0\u00bb][\/et_pb_button][\/et_pb_column][\/et_pb_row][et_pb_row _builder_version=\u00a0\u00bb4.24.2&Prime; _module_preset=\u00a0\u00bbdefault\u00a0\u00bb background_color=\u00a0\u00bbRGBA(255,255,255,0)\u00a0\u00bb width=\u00a0\u00bb100%\u00a0\u00bb width_tablet=\u00a0\u00bb70%\u00a0\u00bb width_phone=\u00a0\u00bb90%\u00a0\u00bb width_last_edited=\u00a0\u00bbon|desktop\u00a0\u00bb max_width=\u00a0\u00bb2560px\u00a0\u00bb custom_padding=\u00a0\u00bb0px|||||\u00a0\u00bb global_colors_info=\u00a0\u00bb{}\u00a0\u00bb][et_pb_column type=\u00a0\u00bb4_4&Prime; _builder_version=\u00a0\u00bb4.26.0&Prime; _module_preset=\u00a0\u00bbdefault\u00a0\u00bb global_colors_info=\u00a0\u00bb{}\u00a0\u00bb][et_pb_text _builder_version=\u00a0\u00bb4.27.4&Prime; _module_preset=\u00a0\u00bb_initial\u00a0\u00bb custom_margin_tablet=\u00a0\u00bb\u00a0\u00bb custom_margin_phone=\u00a0\u00bb\u00a0\u00bb custom_margin_last_edited=\u00a0\u00bbon|desktop\u00a0\u00bb global_colors_info=\u00a0\u00bb{}\u00a0\u00bb]<\/p>\n<div id=\"metaslider-id-888\" style=\"width: 100%;\" class=\"ml-slider-3-107-0 metaslider metaslider-flex metaslider-888 ml-slider has-carousel-mode ms-theme-default nav-hidden\" role=\"region\" aria-label=\"Classic Room Single\" data-height=\"525\" data-width=\"800\">\n    <div id=\"metaslider_container_888\">\n        <div id=\"metaslider_888\">\n            <ul class='slides'>\n                <li style=\"display: none; width: 100%;\" class=\"slide-924 ms-image \" aria-roledescription=\"slide\" data-date=\"2025-04-28 22:15:10\" data-filename=\"Atlantis_hotel_Classic_room_gallery_1_1600x1050-800x525.jpg\" data-slide-type=\"image\"><img decoding=\"async\" src=\"https:\/\/hotelatlantis.com\/wp-content\/uploads\/2025\/04\/Atlantis_hotel_Classic_room_gallery_1_1600x1050-800x525.jpg\" height=\"525\" width=\"800\" alt=\"Atlantis Hotel Classic room\" class=\"slider-888 slide-924 msDefaultImage\" title=\"Atlantis Hotel Classic room\" \/><\/li>\n                <li style=\"display: none; width: 100%;\" class=\"slide-925 ms-image \" aria-roledescription=\"slide\" data-date=\"2025-04-28 22:15:10\" data-filename=\"Atlantis_hotel_Classic_room_gallery_2_1600x1050-800x525.jpg\" data-slide-type=\"image\"><img decoding=\"async\" src=\"https:\/\/hotelatlantis.com\/wp-content\/uploads\/2025\/04\/Atlantis_hotel_Classic_room_gallery_2_1600x1050-800x525.jpg\" height=\"525\" width=\"800\" alt=\"Atlantis Hotel Classic family room\" class=\"slider-888 slide-925 msDefaultImage\" title=\"Atlantis Hotel Classic family room\" \/><\/li>\n                <li style=\"display: none; width: 100%;\" class=\"slide-926 ms-image \" aria-roledescription=\"slide\" data-date=\"2025-04-28 22:15:11\" data-filename=\"Atlantis_Hotel_Superior_family__room_gallery_3_1600x1050-800x525.jpg\" data-slide-type=\"image\"><img decoding=\"async\" src=\"https:\/\/hotelatlantis.com\/wp-content\/uploads\/2025\/04\/Atlantis_Hotel_Superior_family__room_gallery_3_1600x1050-800x525.jpg\" height=\"525\" width=\"800\" alt=\"Atlantis Hotel Superior family room\" class=\"slider-888 slide-926 msDefaultImage\" title=\"Atlantis Hotel Superior family room\" \/><\/li>\n            <\/ul>\n        <\/div>\n        \n    <\/div>\n<\/div>\n<p>[\/et_pb_text][\/et_pb_column][\/et_pb_row][\/et_pb_section][et_pb_section fb_built=\u00a0\u00bb1&Prime; _builder_version=\u00a0\u00bb4.26.0&Prime; _module_preset=\u00a0\u00bbdefault\u00a0\u00bb custom_padding=\u00a0\u00bb27px||5px||false|false\u00a0\u00bb locked=\u00a0\u00bboff\u00a0\u00bb global_colors_info=\u00a0\u00bb{}\u00a0\u00bb][et_pb_row _builder_version=\u00a0\u00bb4.27.0&Prime; _module_preset=\u00a0\u00bbdefault\u00a0\u00bb background_color=\u00a0\u00bb#FFFFFF\u00a0\u00bb width=\u00a0\u00bb70%\u00a0\u00bb width_tablet=\u00a0\u00bb\u00a0\u00bb width_phone=\u00a0\u00bb90%\u00a0\u00bb width_last_edited=\u00a0\u00bbon|phone\u00a0\u00bb max_width=\u00a0\u00bb2560px\u00a0\u00bb custom_margin=\u00a0\u00bb||||false|false\u00a0\u00bb custom_padding=\u00a0\u00bb||11px||false|false\u00a0\u00bb global_colors_info=\u00a0\u00bb{}\u00a0\u00bb][et_pb_column type=\u00a0\u00bb4_4&Prime; _builder_version=\u00a0\u00bb4.24.3&Prime; _module_preset=\u00a0\u00bbdefault\u00a0\u00bb global_colors_info=\u00a0\u00bb{}\u00a0\u00bb][et_pb_text module_class=\u00a0\u00bbet_pb_slide_titleDifference\u00a0\u00bb _builder_version=\u00a0\u00bb4.27.4&Prime; _module_preset=\u00a0\u00bb_initial\u00a0\u00bb text_text_color=\u00a0\u00bb#313131&Prime; text_font_size=\u00a0\u00bb26px\u00a0\u00bb text_letter_spacing=\u00a0\u00bb1px\u00a0\u00bb text_line_height=\u00a0\u00bb1.5em\u00a0\u00bb custom_margin=\u00a0\u00bb0px|0px|0px|0px|false|false\u00a0\u00bb custom_margin_tablet=\u00a0\u00bb0px|0px|0px|0px|false|false\u00a0\u00bb custom_margin_phone=\u00a0\u00bb-40px|0px|0px|0px|false|false\u00a0\u00bb custom_margin_last_edited=\u00a0\u00bbon|desktop\u00a0\u00bb custom_padding=\u00a0\u00bb0px|0px|0px|0px|false|false\u00a0\u00bb locked=\u00a0\u00bboff\u00a0\u00bb global_colors_info=\u00a0\u00bb{}\u00a0\u00bb]<\/p>\n<p>Tous les s\u00e9jours comprennent<\/p>\n<p>[\/et_pb_text][et_pb_text _builder_version=\u00a0\u00bb4.27.4&Prime; _module_preset=\u00a0\u00bb_initial\u00a0\u00bb custom_margin=\u00a0\u00bb0px|0px|0px|0px|false|false\u00a0\u00bb custom_margin_tablet=\u00a0\u00bb0px|0px|0px|0px|false|false\u00a0\u00bb custom_margin_phone=\u00a0\u00bb0px|0px|0px|0px|false|false\u00a0\u00bb custom_margin_last_edited=\u00a0\u00bbon|desktop\u00a0\u00bb custom_padding=\u00a0\u00bb0px|0px|0px|0px|false|false\u00a0\u00bb global_colors_info=\u00a0\u00bb{}\u00a0\u00bb]<\/p>\n<ul>\n<li>S\u00e9lection de produits de toilette et d&rsquo;\u00e9quipements de salle de bains<\/li>\n<li>Peignoirs<\/li>\n<li>S\u00e8che-cheveux<\/li>\n<li>Choix de l&rsquo;oreiller<\/li>\n<li>Serviettes de plage<\/li>\n<li>Th\u00e9\/caf\u00e9<\/li>\n<li>Coffre-fort<\/li>\n<li>T\u00e9l\u00e9phone \u00e0 s\u00e9lection directe<\/li>\n<li>T\u00e9l\u00e9vision satellite LCD \u00e0 \u00e9cran plat avec radio et cha\u00eenes musicales int\u00e9gr\u00e9es<\/li>\n<li>Mini bar<\/li>\n<li>Climatisation\/chauffage<\/li>\n<li>G\u00e2terie de bienvenue \u00e0 l&rsquo;arriv\u00e9e<\/li>\n<\/ul>\n<p>[\/et_pb_text][\/et_pb_column][\/et_pb_row][\/et_pb_section][et_pb_section fb_built=\u00a0\u00bb1&Prime; _builder_version=\u00a0\u00bb4.27.4&Prime; _module_preset=\u00a0\u00bbdefault\u00a0\u00bb background_color=\u00a0\u00bb#f3eee7&Prime; custom_padding=\u00a0\u00bb60px||||false|false\u00a0\u00bb global_colors_info=\u00a0\u00bb{}\u00a0\u00bb][et_pb_row _builder_version=\u00a0\u00bb4.27.0&Prime; _module_preset=\u00a0\u00bbdefault\u00a0\u00bb background_color=\u00a0\u00bbRGBA(255,255,255,0)\u00a0\u00bb width=\u00a0\u00bb70%\u00a0\u00bb width_tablet=\u00a0\u00bb\u00a0\u00bb width_phone=\u00a0\u00bb90%\u00a0\u00bb width_last_edited=\u00a0\u00bbon|phone\u00a0\u00bb max_width=\u00a0\u00bb2560px\u00a0\u00bb custom_padding=\u00a0\u00bb0px|0px|0px|0px|false|false\u00a0\u00bb global_colors_info=\u00a0\u00bb{}\u00a0\u00bb][et_pb_column type=\u00a0\u00bb4_4&Prime; _builder_version=\u00a0\u00bb4.24.3&Prime; _module_preset=\u00a0\u00bbdefault\u00a0\u00bb global_colors_info=\u00a0\u00bb{}\u00a0\u00bb][et_pb_text module_class=\u00a0\u00bbet_pb_slide_titleDifference\u00a0\u00bb _builder_version=\u00a0\u00bb4.26.0&Prime; _module_preset=\u00a0\u00bb_initial\u00a0\u00bb text_text_color=\u00a0\u00bb#313131&Prime; text_font_size=\u00a0\u00bb26px\u00a0\u00bb text_letter_spacing=\u00a0\u00bb1px\u00a0\u00bb text_line_height=\u00a0\u00bb1.5em\u00a0\u00bb custom_margin=\u00a0\u00bb-1px||||false|false\u00a0\u00bb custom_margin_tablet=\u00a0\u00bb-1px||||false|false\u00a0\u00bb custom_margin_phone=\u00a0\u00bb-1px||||false|false\u00a0\u00bb custom_margin_last_edited=\u00a0\u00bbon|desktop\u00a0\u00bb locked=\u00a0\u00bboff\u00a0\u00bb global_colors_info=\u00a0\u00bb{}\u00a0\u00bb]<\/p>\n<p style=\"text-align: left;\">Autres suggestions<\/p>\n<p>[\/et_pb_text][\/et_pb_column][\/et_pb_row][et_pb_row column_structure=\u00a0\u00bb1_2,1_2&Prime; _builder_version=\u00a0\u00bb4.27.0&Prime; _module_preset=\u00a0\u00bbdefault\u00a0\u00bb width=\u00a0\u00bb70%\u00a0\u00bb width_tablet=\u00a0\u00bb70%\u00a0\u00bb width_phone=\u00a0\u00bb90%\u00a0\u00bb width_last_edited=\u00a0\u00bbon|phone\u00a0\u00bb max_width=\u00a0\u00bb2560px\u00a0\u00bb custom_margin=\u00a0\u00bb20px||0px||false|false\u00a0\u00bb custom_padding=\u00a0\u00bb0px||0px||false|false\u00a0\u00bb global_colors_info=\u00a0\u00bb{}\u00a0\u00bb][et_pb_column type=\u00a0\u00bb1_2&Prime; _builder_version=\u00a0\u00bb4.26.0&Prime; _module_preset=\u00a0\u00bbdefault\u00a0\u00bb global_colors_info=\u00a0\u00bb{}\u00a0\u00bb][et_pb_image src=\u00a0\u00bbhttps:\/\/hotelatlantis.com\/wp-content\/uploads\/2025\/04\/Atlantis_Hotel_Classic_room_listing_1600x1050.jpg\u00a0\u00bb title_text=\u00a0\u00bbAtlantis_Hotel_Classic_room_listing_1600x1050&Prime; _builder_version=\u00a0\u00bb4.27.4&Prime; _module_preset=\u00a0\u00bbdefault\u00a0\u00bb hover_transition_speed_curve=\u00a0\u00bbease-in-out\u00a0\u00bb locked=\u00a0\u00bboff\u00a0\u00bb global_colors_info=\u00a0\u00bb{}\u00a0\u00bb][\/et_pb_image][et_pb_text module_class=\u00a0\u00bbmainTitleHome\u00a0\u00bb _builder_version=\u00a0\u00bb4.27.4&Prime; _module_preset=\u00a0\u00bb_initial\u00a0\u00bb text_text_color=\u00a0\u00bb#313131&Prime; text_font_size=\u00a0\u00bb22px\u00a0\u00bb text_line_height=\u00a0\u00bb1.2em\u00a0\u00bb min_height=\u00a0\u00bb55px\u00a0\u00bb custom_margin=\u00a0\u00bb0px||10px||false|false\u00a0\u00bb custom_margin_tablet=\u00a0\u00bb0px||10px||false|false\u00a0\u00bb custom_margin_phone=\u00a0\u00bb0px||10px||false|false\u00a0\u00bb custom_margin_last_edited=\u00a0\u00bbon|desktop\u00a0\u00bb custom_padding=\u00a0\u00bb0px||0px||false|false\u00a0\u00bb locked=\u00a0\u00bboff\u00a0\u00bb global_colors_info=\u00a0\u00bb{}\u00a0\u00bb]Chambre classique, Double [\/et_pb_text][et_pb_button button_url=\u00a0\u00bb@ET-DC@eyJkeW5hbWljIjp0cnVlLCJjb250ZW50IjoicG9zdF9saW5rX3VybF9wYWdlIiwic2V0dGluZ3MiOnsicG9zdF9pZCI6IjI4MiJ9fQ==@\u00a0\u00bb button_text=\u00a0\u00bbD\u00e9tails\u00a0\u00bb admin_label=\u00a0\u00bbButton\u00a0\u00bb module_class=\u00a0\u00bbfullwidthBTN\u00a0\u00bb _builder_version=\u00a0\u00bb4.27.4&Prime; _dynamic_attributes=\u00a0\u00bbbutton_url\u00a0\u00bb _module_preset=\u00a0\u00bbdefault\u00a0\u00bb custom_button=\u00a0\u00bbon\u00a0\u00bb button_text_size=\u00a0\u00bb17px\u00a0\u00bb button_text_color=\u00a0\u00bb#b6a486&Prime; button_bg_color=\u00a0\u00bbRGBA(255,255,255,0)\u00a0\u00bb button_border_color=\u00a0\u00bbrgba(182,164,134,0.66)\u00a0\u00bb custom_margin=\u00a0\u00bb0px||0px||false|false\u00a0\u00bb locked=\u00a0\u00bboff\u00a0\u00bb global_colors_info=\u00a0\u00bb{}\u00a0\u00bb][\/et_pb_button][\/et_pb_column][et_pb_column type=\u00a0\u00bb1_2&Prime; _builder_version=\u00a0\u00bb4.26.0&Prime; _module_preset=\u00a0\u00bbdefault\u00a0\u00bb global_colors_info=\u00a0\u00bb{}\u00a0\u00bb][et_pb_image src=\u00a0\u00bbhttps:\/\/hotelatlantis.com\/wp-content\/uploads\/2025\/04\/Atlantis_Hotels_Classic_Business_listing_1600x1050.jpg\u00a0\u00bb title_text=\u00a0\u00bbAtlantis_Hotels_Classic_Business_listing_1600x1050&Prime; _builder_version=\u00a0\u00bb4.27.4&Prime; _module_preset=\u00a0\u00bbdefault\u00a0\u00bb locked=\u00a0\u00bboff\u00a0\u00bb global_colors_info=\u00a0\u00bb{}\u00a0\u00bb][\/et_pb_image][et_pb_text module_class=\u00a0\u00bbmainTitleHome\u00a0\u00bb _builder_version=\u00a0\u00bb4.27.4&Prime; _module_preset=\u00a0\u00bb_initial\u00a0\u00bb text_text_color=\u00a0\u00bb#313131&Prime; text_font_size=\u00a0\u00bb22px\u00a0\u00bb text_line_height=\u00a0\u00bb1.2em\u00a0\u00bb min_height=\u00a0\u00bb55px\u00a0\u00bb custom_margin=\u00a0\u00bb0px||10px||false|false\u00a0\u00bb custom_margin_tablet=\u00a0\u00bb0px||10px||false|false\u00a0\u00bb custom_margin_phone=\u00a0\u00bb0px||10px||false|false\u00a0\u00bb custom_margin_last_edited=\u00a0\u00bbon|desktop\u00a0\u00bb custom_padding=\u00a0\u00bb0px||0px||false|false\u00a0\u00bb locked=\u00a0\u00bboff\u00a0\u00bb global_colors_info=\u00a0\u00bb{}\u00a0\u00bb]Chambre double et affaires[\/et_pb_text][et_pb_button button_url=\u00a0\u00bb@ET-DC@eyJkeW5hbWljIjp0cnVlLCJjb250ZW50IjoicG9zdF9saW5rX3VybF9wYWdlIiwic2V0dGluZ3MiOnsicG9zdF9pZCI6IjI4MyJ9fQ==@\u00a0\u00bb button_text=\u00a0\u00bbD\u00e9tails\u00a0\u00bb admin_label=\u00a0\u00bbButton\u00a0\u00bb module_class=\u00a0\u00bbfullwidthBTN\u00a0\u00bb _builder_version=\u00a0\u00bb4.27.4&Prime; _dynamic_attributes=\u00a0\u00bbbutton_url\u00a0\u00bb _module_preset=\u00a0\u00bbdefault\u00a0\u00bb custom_button=\u00a0\u00bbon\u00a0\u00bb button_text_size=\u00a0\u00bb17px\u00a0\u00bb button_text_color=\u00a0\u00bb#b6a486&Prime; button_bg_color=\u00a0\u00bbRGBA(255,255,255,0)\u00a0\u00bb button_border_color=\u00a0\u00bbrgba(182,164,134,0.66)\u00a0\u00bb custom_margin=\u00a0\u00bb0px||0px||false|false\u00a0\u00bb locked=\u00a0\u00bboff\u00a0\u00bb global_colors_info=\u00a0\u00bb{}\u00a0\u00bb][\/et_pb_button][\/et_pb_column][\/et_pb_row][\/et_pb_section][et_pb_section fb_built=\u00a0\u00bb1&Prime; disabled_on=\u00a0\u00bboff|off|on\u00a0\u00bb module_class=\u00a0\u00bbstickyBook\u00a0\u00bb _builder_version=\u00a0\u00bb4.27.2&Prime; _module_preset=\u00a0\u00bbdefault\u00a0\u00bb background_color=\u00a0\u00bb#b6a486&Prime; custom_margin=\u00a0\u00bb0px||0px||false|false\u00a0\u00bb custom_padding=\u00a0\u00bb0px||0px||false|false\u00a0\u00bb locked=\u00a0\u00bboff\u00a0\u00bb global_colors_info=\u00a0\u00bb{}\u00a0\u00bb][et_pb_row _builder_version=\u00a0\u00bb4.27.0&Prime; _module_preset=\u00a0\u00bbdefault\u00a0\u00bb custom_margin=\u00a0\u00bb0px||0px||false|false\u00a0\u00bb custom_padding=\u00a0\u00bb10px||10px||false|false\u00a0\u00bb global_colors_info=\u00a0\u00bb{}\u00a0\u00bb][et_pb_column type=\u00a0\u00bb4_4&Prime; _builder_version=\u00a0\u00bb4.27.0&Prime; _module_preset=\u00a0\u00bbdefault\u00a0\u00bb global_colors_info=\u00a0\u00bb{}\u00a0\u00bb][et_pb_button button_url=\u00a0\u00bb@ET-DC@eyJkeW5hbWljIjp0cnVlLCJjb250ZW50IjoicG9zdF9saW5rX3VybF9wYWdlIiwic2V0dGluZ3MiOnsicG9zdF9pZCI6IjI1NDAifX0=@\u00a0\u00bb button_text=\u00a0\u00bbV\u00e9rifier les tarifs\u00a0\u00bb button_alignment=\u00a0\u00bbcenter\u00a0\u00bb admin_label=\u00a0\u00bbButton\u00a0\u00bb _builder_version=\u00a0\u00bb4.27.2&Prime; _dynamic_attributes=\u00a0\u00bbbutton_url\u00a0\u00bb _module_preset=\u00a0\u00bbdefault\u00a0\u00bb custom_button=\u00a0\u00bbon\u00a0\u00bb button_text_size=\u00a0\u00bb17px\u00a0\u00bb button_text_color=\u00a0\u00bb#FFFFFF\u00a0\u00bb button_bg_color=\u00a0\u00bb#b6a486&Prime; button_border_color=\u00a0\u00bbrgba(182,164,134,0.66)\u00a0\u00bb custom_margin=\u00a0\u00bb0px||0px||false|false\u00a0\u00bb locked=\u00a0\u00bboff\u00a0\u00bb global_colors_info=\u00a0\u00bb{}\u00a0\u00bb][\/et_pb_button][\/et_pb_column][\/et_pb_row][\/et_pb_section]<\/p>\n","protected":false},"excerpt":{"rendered":"<p>Chambre classique, simpleSitu\u00e9es au premier \u00e9tage, ces chambres constituent un point de d\u00e9part id\u00e9al pour explorer H\u00e9raklion et vous garantir une exp\u00e9rience reposante. Une touche contemporaine et un espace de travail fonctionnel cr\u00e9ent une atmosph\u00e8re confortable. La vue sur la ville ou sur l&rsquo;atrium constitue une douce toile de fond. Vue urbaine ou Atrium de [&hellip;]<\/p>\n","protected":false},"author":2,"featured_media":0,"parent":0,"menu_order":0,"comment_status":"closed","ping_status":"closed","template":"","meta":{"_et_pb_use_builder":"on","_et_pb_old_content":"","_et_gb_content_width":"","footnotes":""},"class_list":["post-1906","page","type-page","status-publish","hentry"],"_links":{"self":[{"href":"https:\/\/hotelatlantis.com\/fr\/wp-json\/wp\/v2\/pages\/1906","targetHints":{"allow":["GET"]}}],"collection":[{"href":"https:\/\/hotelatlantis.com\/fr\/wp-json\/wp\/v2\/pages"}],"about":[{"href":"https:\/\/hotelatlantis.com\/fr\/wp-json\/wp\/v2\/types\/page"}],"author":[{"embeddable":true,"href":"https:\/\/hotelatlantis.com\/fr\/wp-json\/wp\/v2\/users\/2"}],"replies":[{"embeddable":true,"href":"https:\/\/hotelatlantis.com\/fr\/wp-json\/wp\/v2\/comments?post=1906"}],"version-history":[{"count":13,"href":"https:\/\/hotelatlantis.com\/fr\/wp-json\/wp\/v2\/pages\/1906\/revisions"}],"predecessor-version":[{"id":4741,"href":"https:\/\/hotelatlantis.com\/fr\/wp-json\/wp\/v2\/pages\/1906\/revisions\/4741"}],"wp:attachment":[{"href":"https:\/\/hotelatlantis.com\/fr\/wp-json\/wp\/v2\/media?parent=1906"}],"curies":[{"name":"wp","href":"https:\/\/api.w.org\/{rel}","templated":true}]}}