{"id":2443,"date":"2025-04-10T21:26:18","date_gmt":"2025-04-10T18:26:18","guid":{"rendered":"https:\/\/hotelatlantis.com\/deluxe-zimmer-blick-auf-den-hafen\/"},"modified":"2025-10-10T00:36:38","modified_gmt":"2025-10-09T21:36:38","slug":"deluxe-zimmer-blick-auf-den-hafen","status":"publish","type":"page","link":"https:\/\/hotelatlantis.com\/de\/deluxe-zimmer-blick-auf-den-hafen\/","title":{"rendered":"Deluxe Zimmer, Blick auf den Hafen"},"content":{"rendered":"<p>[et_pb_section fb_built=&#8220;1&#8243; _builder_version=&#8220;4.26.0&#8243; _module_preset=&#8220;default&#8220; background_color=&#8220;#f3eee7&#8243; custom_margin=&#8220;-140px||||false|false&#8220; custom_padding=&#8220;0px||0px|||&#8220; global_colors_info=&#8220;{}&#8220;][et_pb_row _builder_version=&#8220;4.24.3&#8243; _module_preset=&#8220;default&#8220; width=&#8220;100%&#8220; max_width=&#8220;2560px&#8220; custom_padding=&#8220;0px||0px|||&#8220; global_colors_info=&#8220;{}&#8220;][et_pb_column type=&#8220;4_4&#8243; _builder_version=&#8220;4.24.3&#8243; _module_preset=&#8220;default&#8220; global_colors_info=&#8220;{}&#8220;][et_pb_slider _builder_version=&#8220;4.27.4&#8243; _module_preset=&#8220;default&#8220; header_text_color=&#8220;#FFFFFF&#8220; header_letter_spacing=&#8220;1px&#8220; body_text_color=&#8220;#FFFFFF&#8220; background_image=&#8220;https:\/\/hotelatlantis.com\/wp-content\/uploads\/2025\/04\/elounda-standard-classic-bungalow-garden-view-01banner.jpg&#8220; background_position=&#8220;bottom_center&#8220; min_height=&#8220;900px&#8220; min_height_tablet=&#8220;500px&#8220; min_height_phone=&#8220;400px&#8220; min_height_last_edited=&#8220;on|desktop&#8220; locked=&#8220;off&#8220; global_colors_info=&#8220;{}&#8220;][et_pb_slide _builder_version=&#8220;4.27.4&#8243; _module_preset=&#8220;default&#8220; background_image=&#8220;https:\/\/hotelatlantis.com\/wp-content\/uploads\/2025\/04\/Atlantis_Hotel_Deluxe_room_banner_1920x1080.jpg&#8220; background_enable_image=&#8220;on&#8220; width=&#8220;100%&#8220; locked=&#8220;off&#8220; global_colors_info=&#8220;{}&#8220; sticky_transition=&#8220;on&#8220;][\/et_pb_slide][\/et_pb_slider][\/et_pb_column][\/et_pb_row][\/et_pb_section][et_pb_section fb_built=&#8220;1&#8243; _builder_version=&#8220;4.26.0&#8243; _module_preset=&#8220;default&#8220; background_color=&#8220;#f3eee7&#8243; custom_margin=&#8220;0px||0px||false|false&#8220; custom_padding=&#8220;100px||2px||false|false&#8220; global_colors_info=&#8220;{}&#8220;][et_pb_row _builder_version=&#8220;4.27.0&#8243; _module_preset=&#8220;default&#8220; width=&#8220;70%&#8220; width_tablet=&#8220;&#8220; width_phone=&#8220;90%&#8220; width_last_edited=&#8220;on|phone&#8220; max_width=&#8220;2560px&#8220; custom_padding=&#8220;0px||30px||false|false&#8220; global_colors_info=&#8220;{}&#8220;][et_pb_column type=&#8220;4_4&#8243; _builder_version=&#8220;4.26.0&#8243; _module_preset=&#8220;default&#8220; global_colors_info=&#8220;{}&#8220;][et_pb_text module_class=&#8220;italiana-regular&#8220; _builder_version=&#8220;4.27.4&#8243; _module_preset=&#8220;_initial&#8220; text_text_color=&#8220;#313131&#8243; text_font_size=&#8220;32px&#8220; text_line_height=&#8220;1.2em&#8220; min_height=&#8220;43.8px&#8220; custom_margin_tablet=&#8220;&#8220; custom_margin_phone=&#8220;&#8220; custom_margin_last_edited=&#8220;on|desktop&#8220; locked=&#8220;off&#8220; global_colors_info=&#8220;{}&#8220;]<\/p>\n<p>Deluxe Zimmer, Blick auf den Hafen<\/p>\n<p>[\/et_pb_text][\/et_pb_column][\/et_pb_row][et_pb_row column_structure=&#8220;3_5,2_5&#8243; _builder_version=&#8220;4.27.0&#8243; _module_preset=&#8220;default&#8220; width=&#8220;70%&#8220; width_tablet=&#8220;&#8220; width_phone=&#8220;90%&#8220; width_last_edited=&#8220;on|phone&#8220; max_width=&#8220;2560px&#8220; custom_padding=&#8220;0px||50px||false|false&#8220; global_colors_info=&#8220;{}&#8220;][et_pb_column type=&#8220;3_5&#8243; _builder_version=&#8220;4.26.0&#8243; _module_preset=&#8220;default&#8220; global_colors_info=&#8220;{}&#8220;][et_pb_text _builder_version=&#8220;4.27.4&#8243; _module_preset=&#8220;_initial&#8220; custom_margin_tablet=&#8220;&#8220; custom_margin_phone=&#8220;&#8220; custom_margin_last_edited=&#8220;on|desktop&#8220; global_colors_info=&#8220;{}&#8220;]Die Deluxe-Zimmer bieten einen vornehmen Aufenthalt mit der Option auf ein offenes Marmorbad, das ein wahrhaft luxuri\u00f6ses und erfrischendes Erlebnis verspricht. Von den Deluxe-Zimmern in der f\u00fcnften Etage haben Sie einen Panoramablick auf den Hafen. Moderne Eleganz und ein privater Balkon sorgen f\u00fcr ein erstklassiges Erlebnis. Ein stilvoller Arbeitsbereich rundet das Angebot ab.[\/et_pb_text][et_pb_button button_url=&#8220;https:\/\/aquilaatlantishotel.reserve-online.net\/?_gl=1*166h9ks*_gcl_au*NzM1MzgyODY0LjE3NDEyMTAzMzY.*_ga*MTk4NjE5NzgzNy4xNzQxMjEwMzM2*_ga_VCRPPQKHMP*MTc0MzkyNTcwOS40LjAuMTc0MzkyNTcwOS42MC4wLjA.&#038;_ga=2.121465160.1784729717.1743925709-1986197837.1741210336&#8243; url_new_window=&#8220;on&#8220; button_text=&#8220;Preise pr\u00fcfen&#8220; admin_label=&#8220;Button&#8220; module_class=&#8220;fullwidthBTN&#8220; _builder_version=&#8220;4.27.4&#8243; _module_preset=&#8220;default&#8220; custom_button=&#8220;on&#8220; button_text_size=&#8220;17px&#8220; button_text_color=&#8220;#FFFFFF&#8220; button_bg_color=&#8220;rgba(182,164,134,0.66)&#8220; button_border_color=&#8220;rgba(182,164,134,0.66)&#8220; custom_margin=&#8220;10px||0px||false|false&#8220; custom_padding=&#8220;||||false|false&#8220; locked=&#8220;off&#8220; global_colors_info=&#8220;{}&#8220;][\/et_pb_button][\/et_pb_column][et_pb_column type=&#8220;2_5&#8243; _builder_version=&#8220;4.26.0&#8243; _module_preset=&#8220;default&#8220; global_colors_info=&#8220;{}&#8220;][et_pb_text _builder_version=&#8220;4.27.4&#8243; _module_preset=&#8220;_initial&#8220; text_line_height=&#8220;2.3em&#8220; custom_margin=&#8220;-40px||-1px||false|false&#8220; custom_margin_tablet=&#8220;||-1px|||&#8220; custom_margin_phone=&#8220;||-1px|||&#8220; custom_margin_last_edited=&#8220;on|desktop&#8220; custom_padding=&#8220;30px||9px||false|false&#8220; border_radii=&#8220;on|1px|1px|1px|1px&#8220; border_width_bottom=&#8220;1px&#8220; border_color_bottom=&#8220;#b6a486&#8243; global_colors_info=&#8220;{}&#8220;]<\/p>\n<p><strong><img decoding=\"async\" src=\"https:\/\/hotelatlantis.com\/wp-content\/uploads\/2025\/04\/eye-1.png\" width=\"16\" height=\"16\" alt=\"\" class=\"wp-image-1759 alignnone size-full\"><\/strong>  Hafenblick<br \/><img decoding=\"async\" src=\"https:\/\/hotelatlantis.com\/wp-content\/uploads\/2025\/04\/A-adult.png\" width=\"16\" height=\"16\" alt=\"\" class=\"wp-image-1759 alignnone size-full\"> Maximal 2 Erwachsene<br \/><img decoding=\"async\" src=\"https:\/\/hotelatlantis.com\/wp-content\/uploads\/2025\/04\/a-arrow.png\" width=\"16\" height=\"16\" alt=\"\" class=\"wp-image-1759 alignnone size-full\"> 26 m\u00b2 Gesamtfl\u00e4che<br \/><img decoding=\"async\" src=\"https:\/\/hotelatlantis.com\/wp-content\/uploads\/2025\/04\/a-bed.png\" width=\"16\" height=\"16\" alt=\"\" class=\"wp-image-1759 alignnone size-full\"> Queen-Size-Bett oder Doppelbett<\/p>\n<p>[\/et_pb_text][et_pb_button button_url=&#8220;https:\/\/hotelatlantis.com\/wp-content\/uploads\/2025\/06\/AQUILA-ATLANTIS-HOTEL-DELUXE-ROOM-1-1024&#215;605-1.pdf&#8220; url_new_window=&#8220;on&#8220; button_text=&#8220;Ansicht Grundriss&#8220; _builder_version=&#8220;4.27.4&#8243; _module_preset=&#8220;default&#8220; custom_button=&#8220;on&#8220; button_text_size=&#8220;14px&#8220; button_text_color=&#8220;#b6a486&#8243; button_bg_color=&#8220;RGBA(255,255,255,0)&#8220; button_border_color=&#8220;#b6a486&#8243; button_icon=&#8220;&#x22;||divi||400&#8243; button_icon_color=&#8220;#b6a486&#8243; button_on_hover=&#8220;off&#8220; custom_margin=&#8220;16px||15px||false|false&#8220; global_colors_info=&#8220;{}&#8220;][\/et_pb_button][\/et_pb_column][\/et_pb_row][et_pb_row _builder_version=&#8220;4.24.2&#8243; _module_preset=&#8220;default&#8220; background_color=&#8220;RGBA(255,255,255,0)&#8220; width=&#8220;100%&#8220; width_tablet=&#8220;70%&#8220; width_phone=&#8220;90%&#8220; width_last_edited=&#8220;on|desktop&#8220; max_width=&#8220;2560px&#8220; custom_padding=&#8220;0px|||||&#8220; global_colors_info=&#8220;{}&#8220;][et_pb_column type=&#8220;4_4&#8243; _builder_version=&#8220;4.26.0&#8243; _module_preset=&#8220;default&#8220; global_colors_info=&#8220;{}&#8220;][et_pb_text _builder_version=&#8220;4.27.4&#8243; _module_preset=&#8220;_initial&#8220; custom_margin_tablet=&#8220;&#8220; custom_margin_phone=&#8220;&#8220; custom_margin_last_edited=&#8220;on|desktop&#8220; global_colors_info=&#8220;{}&#8220;]<div id=\"metaslider-id-885\" style=\"width: 100%;\" class=\"ml-slider-3-107-0 metaslider metaslider-flex metaslider-885 ml-slider has-carousel-mode ms-theme-default nav-hidden\" role=\"region\" aria-label=\"Deluxe Room, Harbor View\" data-height=\"525\" data-width=\"800\">\n    <div id=\"metaslider_container_885\">\n        <div id=\"metaslider_885\">\n            <ul class='slides'>\n                <li style=\"display: none; width: 100%;\" class=\"slide-919 ms-image \" aria-roledescription=\"slide\" data-date=\"2025-04-28 22:03:02\" data-filename=\"Deluxe-Room-Atlantis_Hotel_Deluxe_room_gallery_1_1600x1050-800x525.jpg\" data-slide-type=\"image\"><img decoding=\"async\" src=\"https:\/\/hotelatlantis.com\/wp-content\/uploads\/2025\/04\/Deluxe-Room-Atlantis_Hotel_Deluxe_room_gallery_1_1600x1050-800x525.jpg\" height=\"525\" width=\"800\" alt=\"Atlantis Hotel Classic Deluxe room\" class=\"slider-885 slide-919 msDefaultImage\" title=\"Atlantis Hotel Classic Deluxe room\" \/><\/li>\n                <li style=\"display: none; width: 100%;\" class=\"slide-918 ms-image \" aria-roledescription=\"slide\" data-date=\"2025-04-28 22:03:02\" data-filename=\"Deluxe-Room-Atlantis_Hotel_Deluxe_room_gallery_2_1600x1050-800x525.jpg\" data-slide-type=\"image\"><img decoding=\"async\" src=\"https:\/\/hotelatlantis.com\/wp-content\/uploads\/2025\/04\/Deluxe-Room-Atlantis_Hotel_Deluxe_room_gallery_2_1600x1050-800x525.jpg\" height=\"525\" width=\"800\" alt=\"Atlantis Hotel Classic Deluxe room\" class=\"slider-885 slide-918 msDefaultImage\" title=\"Atlantis Hotel Classic Deluxe room\" \/><\/li>\n                <li style=\"display: none; width: 100%;\" class=\"slide-917 ms-image \" aria-roledescription=\"slide\" data-date=\"2025-04-28 22:03:02\" data-filename=\"Deluxe-Room-Atlantis_Hotel_Deluxe_room_gallery_3_1600x1050.jpg-800x525.jpg\" data-slide-type=\"image\"><img decoding=\"async\" src=\"https:\/\/hotelatlantis.com\/wp-content\/uploads\/2025\/04\/Deluxe-Room-Atlantis_Hotel_Deluxe_room_gallery_3_1600x1050.jpg-800x525.jpg\" height=\"525\" width=\"800\" alt=\"Atlantis Hotel Classic rooms\" class=\"slider-885 slide-917 msDefaultImage\" title=\"Atlantis Hotel Classic rooms\" \/><\/li>\n                <li style=\"display: none; width: 100%;\" class=\"slide-916 ms-image \" aria-roledescription=\"slide\" data-date=\"2025-04-28 22:03:02\" data-filename=\"Deluxe-Room-Atlantis_Hotel_Deluxe_room_gallery_4_1600x1050.jpg-800x525.jpg\" data-slide-type=\"image\"><img decoding=\"async\" src=\"https:\/\/hotelatlantis.com\/wp-content\/uploads\/2025\/04\/Deluxe-Room-Atlantis_Hotel_Deluxe_room_gallery_4_1600x1050.jpg-800x525.jpg\" height=\"525\" width=\"800\" alt=\"Atlantis Hotel Classic rooms\" class=\"slider-885 slide-916 msDefaultImage\" title=\"Atlantis Hotel Classic rooms\" \/><\/li>\n            <\/ul>\n        <\/div>\n        \n    <\/div>\n<\/div>[\/et_pb_text][\/et_pb_column][\/et_pb_row][\/et_pb_section][et_pb_section fb_built=&#8220;1&#8243; _builder_version=&#8220;4.26.0&#8243; _module_preset=&#8220;default&#8220; custom_padding=&#8220;50px||50px||false|false&#8220; global_colors_info=&#8220;{}&#8220;][et_pb_row column_structure=&#8220;1_2,1_2&#8243; _builder_version=&#8220;4.27.0&#8243; _module_preset=&#8220;default&#8220; background_color=&#8220;#FFFFFF&#8220; width=&#8220;70%&#8220; width_tablet=&#8220;&#8220; width_phone=&#8220;90%&#8220; width_last_edited=&#8220;on|phone&#8220; max_width=&#8220;2560px&#8220; custom_margin=&#8220;||||false|false&#8220; custom_padding=&#8220;||||false|false&#8220; global_colors_info=&#8220;{}&#8220;][et_pb_column type=&#8220;1_2&#8243; _builder_version=&#8220;4.24.3&#8243; _module_preset=&#8220;default&#8220; global_colors_info=&#8220;{}&#8220;][et_pb_text module_class=&#8220;et_pb_slide_titleDifference&#8220; _builder_version=&#8220;4.27.0&#8243; _module_preset=&#8220;_initial&#8220; text_text_color=&#8220;#313131&#8243; text_font_size=&#8220;26px&#8220; text_letter_spacing=&#8220;1px&#8220; text_line_height=&#8220;1.5em&#8220; custom_margin=&#8220;0px|0px|0px|0px|false|false&#8220; custom_margin_tablet=&#8220;0px|0px|0px|0px|false|false&#8220; custom_margin_phone=&#8220;0px|0px|0px|0px|false|false&#8220; custom_margin_last_edited=&#8220;on|desktop&#8220; custom_padding=&#8220;0px|0px|0px|0px|false|false&#8220; locked=&#8220;off&#8220; global_colors_info=&#8220;{}&#8220;]<\/p>\n<p>Alle Aufenthalte beinhalten<\/p>\n<p>[\/et_pb_text][et_pb_text _builder_version=&#8220;4.27.4&#8243; _module_preset=&#8220;_initial&#8220; custom_margin=&#8220;0px|0px|0px|0px|false|false&#8220; custom_margin_tablet=&#8220;0px|0px|0px|0px|false|false&#8220; custom_margin_phone=&#8220;0px|0px|0px|0px|false|false&#8220; custom_margin_last_edited=&#8220;on|desktop&#8220; custom_padding=&#8220;0px|0px|0px|0px|false|false&#8220; global_colors_info=&#8220;{}&#8220;]<\/p>\n<ul>\n<li>Ausgew\u00e4hlte Toilettenartikel und Badutensilien<\/li>\n<li>Badem\u00e4ntel<\/li>\n<li>Haartrockner<\/li>\n<li>Wahl des Kissens<\/li>\n<li>Strandt\u00fccher<\/li>\n<li>Tee-\/Kaffeekocher<\/li>\n<li>Digitales Tresorfach<\/li>\n<li>Direktwahl-Telefon<\/li>\n<li>Smart Satellite LCD Flachbildschirm 43\u2033 TV mit integriertem Radio und Musikkan\u00e4len<\/li>\n<li>Minibar<\/li>\n<li>Klimatisierung\/Heizung<\/li>\n<li>Willkommensgru\u00df bei der Ankunft<\/li>\n<li>Zugang zu allen Freizeiteinrichtungen.<\/li>\n<\/ul>\n<p>[\/et_pb_text][\/et_pb_column][et_pb_column type=&#8220;1_2&#8243; _builder_version=&#8220;4.24.3&#8243; _module_preset=&#8220;default&#8220; global_colors_info=&#8220;{}&#8220;][et_pb_text module_class=&#8220;et_pb_slide_titleDifference&#8220; _builder_version=&#8220;4.27.0&#8243; _module_preset=&#8220;_initial&#8220; text_text_color=&#8220;#313131&#8243; text_font_size=&#8220;26px&#8220; text_letter_spacing=&#8220;1px&#8220; text_line_height=&#8220;1.5em&#8220; custom_margin=&#8220;0px|0px|0px|0px|false|false&#8220; custom_margin_tablet=&#8220;0px|0px|0px|0px|false|false&#8220; custom_margin_phone=&#8220;0px|0px|0px|0px|false|false&#8220; custom_margin_last_edited=&#8220;on|desktop&#8220; custom_padding=&#8220;0px|0px|0px|0px|false|false&#8220; locked=&#8220;off&#8220; global_colors_info=&#8220;{}&#8220;]<\/p>\n<p>Mythica Exklusivit\u00e4ten<\/p>\n<p>[\/et_pb_text][et_pb_text _builder_version=&#8220;4.27.4&#8243; _module_preset=&#8220;_initial&#8220; text_line_height=&#8220;1.9em&#8220; custom_margin=&#8220;0px|0px|0px|0px|false|false&#8220; custom_margin_tablet=&#8220;0px|0px|0px|0px|false|false&#8220; custom_margin_phone=&#8220;0px|0px|0px|0px|false|false&#8220; custom_margin_last_edited=&#8220;on|desktop&#8220; custom_padding=&#8220;0px|0px|0px|0px|false|false&#8220; locked=&#8220;off&#8220; global_colors_info=&#8220;{}&#8220;]<\/p>\n<ul>\n<li>Mythica Exklusivit\u00e4ten<\/li>\n<li>Luxuri\u00f6se Toilettenartikel und Badezimmerausstattung<\/li>\n<li>Badem\u00e4ntel &amp; Hausschuhe<\/li>\n<li>Strandt\u00fccher &amp; Strandtasche<\/li>\n<li>Smart Satellite LCD TV 43\u2033-55\u2033 mit Radio &amp; Musikkan\u00e4len<\/li>\n<li>Vollst\u00e4ndig ausgestattete Minibar<\/li>\n<li>T\u00e4glicher Abstellservice<\/li>\n<li>Express Check-in\/out<\/li>\n<li>Fr\u00fcher Check-in \/ Sp\u00e4ter Check-out bis 18:00 Uhr nach Verf\u00fcgbarkeit<\/li>\n<\/ul>\n<p>[\/et_pb_text][\/et_pb_column][\/et_pb_row][\/et_pb_section][et_pb_section fb_built=&#8220;1&#8243; _builder_version=&#8220;4.26.0&#8243; _module_preset=&#8220;default&#8220; custom_padding=&#8220;60px||||false|false&#8220; global_colors_info=&#8220;{}&#8220; background_color=&#8220;#f3eee7&#8243;][et_pb_row _builder_version=&#8220;4.27.0&#8243; _module_preset=&#8220;default&#8220; background_color=&#8220;RGBA(255,255,255,0)&#8220; width=&#8220;70%&#8220; width_tablet=&#8220;&#8220; width_phone=&#8220;90%&#8220; width_last_edited=&#8220;on|phone&#8220; max_width=&#8220;2560px&#8220; custom_padding=&#8220;0px|0px|0px|0px|false|false&#8220; global_colors_info=&#8220;{}&#8220;][et_pb_column type=&#8220;4_4&#8243; _builder_version=&#8220;4.24.3&#8243; _module_preset=&#8220;default&#8220; global_colors_info=&#8220;{}&#8220;][et_pb_text module_class=&#8220;et_pb_slide_titleDifference&#8220; _builder_version=&#8220;4.26.0&#8243; _module_preset=&#8220;_initial&#8220; text_text_color=&#8220;#313131&#8243; text_font_size=&#8220;26px&#8220; text_letter_spacing=&#8220;1px&#8220; text_line_height=&#8220;1.5em&#8220; custom_margin=&#8220;-1px||||false|false&#8220; custom_margin_tablet=&#8220;-1px||||false|false&#8220; custom_margin_phone=&#8220;-1px||||false|false&#8220; custom_margin_last_edited=&#8220;on|desktop&#8220; locked=&#8220;off&#8220; global_colors_info=&#8220;{}&#8220;]<\/p>\n<p style=\"text-align: left;\">Andere Vorschl\u00e4ge<\/p>\n<p>[\/et_pb_text][\/et_pb_column][\/et_pb_row][et_pb_row column_structure=&#8220;1_2,1_2&#8243; _builder_version=&#8220;4.27.0&#8243; _module_preset=&#8220;default&#8220; width=&#8220;70%&#8220; width_tablet=&#8220;70%&#8220; width_phone=&#8220;90%&#8220; width_last_edited=&#8220;on|phone&#8220; max_width=&#8220;2560px&#8220; custom_margin=&#8220;20px||0px||false|false&#8220; custom_padding=&#8220;0px||0px||false|false&#8220; global_colors_info=&#8220;{}&#8220;][et_pb_column type=&#8220;1_2&#8243; _builder_version=&#8220;4.26.0&#8243; _module_preset=&#8220;default&#8220; global_colors_info=&#8220;{}&#8220;][et_pb_image src=&#8220;https:\/\/hotelatlantis.com\/wp-content\/uploads\/2025\/04\/Atlantis_Hotel_Superior_room_listing_1600x1050.jpg&#8220; title_text=&#8220;Atlantis_Hotel_Superior_Zimmerverzeichnis_1600x1050&#8243; _builder_version=&#8220;4.27.4&#8243; _module_preset=&#8220;default&#8220; scroll_fade_enable=&#8220;on&#8220; locked=&#8220;off&#8220; global_colors_info=&#8220;{}&#8220;][\/et_pb_image][et_pb_text module_class=&#8220;mainTitleHome&#8220; _builder_version=&#8220;4.27.4&#8243; _module_preset=&#8220;_initial&#8220; text_text_color=&#8220;#313131&#8243; text_font_size=&#8220;22px&#8220; text_line_height=&#8220;1.2em&#8220; min_height=&#8220;55px&#8220; custom_margin=&#8220;0px||10px||false|false&#8220; custom_margin_tablet=&#8220;0px||10px||false|false&#8220; custom_margin_phone=&#8220;0px||10px||false|false&#8220; custom_margin_last_edited=&#8220;on|desktop&#8220; custom_padding=&#8220;0px||0px||false|false&#8220; locked=&#8220;off&#8220; global_colors_info=&#8220;{}&#8220;]Superior Familienzimmer [\/et_pb_text][et_pb_button button_url=&#8220;@ET-DC@eyJkeW5hbWljIjp0cnVlLCJjb250ZW50IjoicG9zdF9saW5rX3VybF9wYWdlIiwic2V0dGluZ3MiOnsicG9zdF9pZCI6IjI4NiJ9fQ==@&#8220; button_text=&#8220;Details&#8220; admin_label=&#8220;Button&#8220; module_class=&#8220;fullwidthBTN&#8220; _builder_version=&#8220;4.27.4&#8243; _dynamic_attributes=&#8220;button_url&#8220; _module_preset=&#8220;default&#8220; custom_button=&#8220;on&#8220; button_text_size=&#8220;17px&#8220; button_text_color=&#8220;#b6a486&#8243; button_bg_color=&#8220;RGBA(255,255,255,0)&#8220; button_border_color=&#8220;rgba(182,164,134,0.66)&#8220; custom_margin=&#8220;0px||0px||false|false&#8220; locked=&#8220;off&#8220; global_colors_info=&#8220;{}&#8220;][\/et_pb_button][\/et_pb_column][et_pb_column type=&#8220;1_2&#8243; _builder_version=&#8220;4.26.0&#8243; _module_preset=&#8220;default&#8220; global_colors_info=&#8220;{}&#8220;][et_pb_image src=&#8220;https:\/\/hotelatlantis.com\/wp-content\/uploads\/2025\/04\/Atlantis_Hotel_Grand_Suite_listing_1600x1050-1.jpg&#8220; title_text=&#8220;Atlantis_Hotel_Grand_Suite_listing_1600x1050&#8243; _builder_version=&#8220;4.27.4&#8243; _module_preset=&#8220;default&#8220; scroll_fade_enable=&#8220;on&#8220; locked=&#8220;off&#8220; global_colors_info=&#8220;{}&#8220;][\/et_pb_image][et_pb_text module_class=&#8220;mainTitleHome&#8220; _builder_version=&#8220;4.27.4&#8243; _module_preset=&#8220;_initial&#8220; text_text_color=&#8220;#313131&#8243; text_font_size=&#8220;22px&#8220; text_line_height=&#8220;1.2em&#8220; min_height=&#8220;55px&#8220; custom_margin=&#8220;0px||10px||false|false&#8220; custom_margin_tablet=&#8220;0px||10px||false|false&#8220; custom_margin_phone=&#8220;0px||10px||false|false&#8220; custom_margin_last_edited=&#8220;on|desktop&#8220; custom_padding=&#8220;0px||0px||false|false&#8220; locked=&#8220;off&#8220; global_colors_info=&#8220;{}&#8220;]<\/p>\n<p>Junior Suite<\/p>\n<p>[\/et_pb_text][et_pb_button button_url=&#8220;@ET-DC@eyJkeW5hbWljIjp0cnVlLCJjb250ZW50IjoicG9zdF9saW5rX3VybF9wYWdlIiwic2V0dGluZ3MiOnsicG9zdF9pZCI6IjI4OCJ9fQ==@&#8220; button_text=&#8220;Details&#8220; admin_label=&#8220;Button&#8220; module_class=&#8220;fullwidthBTN&#8220; _builder_version=&#8220;4.27.4&#8243; _dynamic_attributes=&#8220;button_url&#8220; _module_preset=&#8220;default&#8220; custom_button=&#8220;on&#8220; button_text_size=&#8220;17px&#8220; button_text_color=&#8220;#b6a486&#8243; button_bg_color=&#8220;RGBA(255,255,255,0)&#8220; button_border_color=&#8220;rgba(182,164,134,0.66)&#8220; custom_margin=&#8220;0px||0px||false|false&#8220; locked=&#8220;off&#8220; global_colors_info=&#8220;{}&#8220;][\/et_pb_button][\/et_pb_column][\/et_pb_row][\/et_pb_section][et_pb_section fb_built=&#8220;1&#8243; disabled_on=&#8220;off|off|on&#8220; module_class=&#8220;stickyBook&#8220; _builder_version=&#8220;4.27.2&#8243; _module_preset=&#8220;default&#8220; background_color=&#8220;#b6a486&#8243; custom_margin=&#8220;0px||0px||false|false&#8220; custom_padding=&#8220;0px||0px||false|false&#8220; locked=&#8220;off&#8220; global_colors_info=&#8220;{}&#8220;][et_pb_row _builder_version=&#8220;4.27.0&#8243; _module_preset=&#8220;default&#8220; custom_margin=&#8220;0px||0px||false|false&#8220; custom_padding=&#8220;10px||10px||false|false&#8220; global_colors_info=&#8220;{}&#8220;][et_pb_column type=&#8220;4_4&#8243; _builder_version=&#8220;4.27.0&#8243; _module_preset=&#8220;default&#8220; global_colors_info=&#8220;{}&#8220;][et_pb_button button_url=&#8220;@ET-DC@eyJkeW5hbWljIjp0cnVlLCJjb250ZW50IjoicG9zdF9saW5rX3VybF9wYWdlIiwic2V0dGluZ3MiOnsicG9zdF9pZCI6IjI1NDAifX0=@&#8220; button_text=&#8220;Preise pr\u00fcfen&#8220; button_alignment=&#8220;center&#8220; admin_label=&#8220;Button&#8220; _builder_version=&#8220;4.27.2&#8243; _dynamic_attributes=&#8220;button_url&#8220; _module_preset=&#8220;default&#8220; custom_button=&#8220;on&#8220; button_text_size=&#8220;17px&#8220; button_text_color=&#8220;#FFFFFF&#8220; button_bg_color=&#8220;#b6a486&#8243; button_border_color=&#8220;rgba(182,164,134,0.66)&#8220; custom_margin=&#8220;0px||0px||false|false&#8220; locked=&#8220;off&#8220; global_colors_info=&#8220;{}&#8220;][\/et_pb_button][\/et_pb_column][\/et_pb_row][\/et_pb_section]<\/p>\n","protected":false},"excerpt":{"rendered":"<p>Deluxe Zimmer, Blick auf den HafenDie Deluxe-Zimmer bieten einen vornehmen Aufenthalt mit der Option auf ein offenes Marmorbad, das ein wahrhaft luxuri\u00f6ses und erfrischendes Erlebnis verspricht. Von den Deluxe-Zimmern in der f\u00fcnften Etage haben Sie einen Panoramablick auf den Hafen. Moderne Eleganz und ein privater Balkon sorgen f\u00fcr ein erstklassiges Erlebnis. Ein stilvoller Arbeitsbereich rundet [&hellip;]<\/p>\n","protected":false},"author":2,"featured_media":0,"parent":0,"menu_order":0,"comment_status":"closed","ping_status":"closed","template":"","meta":{"_et_pb_use_builder":"on","_et_pb_old_content":"","_et_gb_content_width":"","footnotes":""},"class_list":["post-2443","page","type-page","status-publish","hentry"],"_links":{"self":[{"href":"https:\/\/hotelatlantis.com\/de\/wp-json\/wp\/v2\/pages\/2443","targetHints":{"allow":["GET"]}}],"collection":[{"href":"https:\/\/hotelatlantis.com\/de\/wp-json\/wp\/v2\/pages"}],"about":[{"href":"https:\/\/hotelatlantis.com\/de\/wp-json\/wp\/v2\/types\/page"}],"author":[{"embeddable":true,"href":"https:\/\/hotelatlantis.com\/de\/wp-json\/wp\/v2\/users\/2"}],"replies":[{"embeddable":true,"href":"https:\/\/hotelatlantis.com\/de\/wp-json\/wp\/v2\/comments?post=2443"}],"version-history":[{"count":7,"href":"https:\/\/hotelatlantis.com\/de\/wp-json\/wp\/v2\/pages\/2443\/revisions"}],"predecessor-version":[{"id":4592,"href":"https:\/\/hotelatlantis.com\/de\/wp-json\/wp\/v2\/pages\/2443\/revisions\/4592"}],"wp:attachment":[{"href":"https:\/\/hotelatlantis.com\/de\/wp-json\/wp\/v2\/media?parent=2443"}],"curies":[{"name":"wp","href":"https:\/\/api.w.org\/{rel}","templated":true}]}}