{"id":2315,"date":"2025-04-10T19:33:27","date_gmt":"2025-04-10T16:33:27","guid":{"rendered":"https:\/\/hotelatlantis.com\/auf-einen-blick\/"},"modified":"2025-09-12T00:07:15","modified_gmt":"2025-09-11T21:07:15","slug":"auf-einen-blick","status":"publish","type":"page","link":"https:\/\/hotelatlantis.com\/de\/auf-einen-blick\/","title":{"rendered":"Auf einen Blick"},"content":{"rendered":"<p>[et_pb_section fb_built=&#8220;1&#8243; _builder_version=&#8220;4.27.4&#8243; _module_preset=&#8220;default&#8220; background_color=&#8220;RGBA(255,255,255,0)&#8220; background_image=&#8220;https:\/\/hotelatlantis.com\/wp-content\/uploads\/2025\/04\/Atlantis_Hotel_At_a_glance_gallery_3_1600x1200.jpg&#8220; custom_padding=&#8220;||13px|||&#8220; custom_css_main_element=&#8220;min-height:100vh;&#8220; locked=&#8220;off&#8220; global_colors_info=&#8220;{}&#8220;][\/et_pb_section][et_pb_section fb_built=&#8220;1&#8243; custom_padding_last_edited=&#8220;on|desktop&#8220; _builder_version=&#8220;4.27.4&#8243; _module_preset=&#8220;default&#8220; background_enable_color=&#8220;off&#8220; background_enable_image=&#8220;off&#8220; background_blend=&#8220;overlay&#8220; custom_margin=&#8220;||||false|false&#8220; custom_padding=&#8220;0px||40px||false|false&#8220; custom_padding_tablet=&#8220;0px||40px||false|false&#8220; custom_padding_phone=&#8220;||20px||false|false&#8220; locked=&#8220;off&#8220; global_colors_info=&#8220;{}&#8220;][et_pb_row _builder_version=&#8220;4.24.3&#8243; _module_preset=&#8220;default&#8220; custom_padding=&#8220;0px|||||&#8220; locked=&#8220;off&#8220; global_colors_info=&#8220;{}&#8220;][et_pb_column type=&#8220;4_4&#8243; _builder_version=&#8220;4.24.2&#8243; _module_preset=&#8220;default&#8220; global_colors_info=&#8220;{}&#8220;][et_pb_text _builder_version=&#8220;4.27.4&#8243; _module_preset=&#8220;_initial&#8220; text_font=&#8220;|||on|||||&#8220; text_text_color=&#8220;#313131&#8243; text_font_size=&#8220;15px&#8220; min_height=&#8220;31.8px&#8220; custom_margin=&#8220;60px||5px||false|false&#8220; custom_margin_tablet=&#8220;60px||5px||false|false&#8220; custom_margin_phone=&#8220;60px||5px||false|false&#8220; custom_margin_last_edited=&#8220;on|desktop&#8220; global_colors_info=&#8220;{}&#8220;]<\/p>\n<p style=\"text-align: center;\"><span>LERNEN SIE UNSER HOTEL KENNEN  <\/span><\/p>\n<p>[\/et_pb_text][et_pb_text module_class=&#8220;italiana-regular&#8220; _builder_version=&#8220;4.27.4&#8243; _module_preset=&#8220;_initial&#8220; text_font=&#8220;Italiana||||||||&#8220; text_text_color=&#8220;#313131&#8243; text_font_size=&#8220;32px&#8220; text_line_height=&#8220;1em&#8220; custom_margin=&#8220;0px||0px||false|false&#8220; custom_margin_tablet=&#8220;0px||0px||false|false&#8220; custom_margin_phone=&#8220;0px||0px||false|false&#8220; custom_margin_last_edited=&#8220;on|desktop&#8220; custom_padding=&#8220;0px||10px||false|false&#8220; global_colors_info=&#8220;{}&#8220;]<\/p>\n<p style=\"text-align: center;\">Ihr F\u00fchrer zum Aquila Atlantis Hotel<\/p>\n<p>[\/et_pb_text][et_pb_text _builder_version=&#8220;4.27.4&#8243; _module_preset=&#8220;_initial&#8220; custom_margin_tablet=&#8220;&#8220; custom_margin_phone=&#8220;&#8220; custom_margin_last_edited=&#8220;on|desktop&#8220; global_colors_info=&#8220;{}&#8220;]<\/p>\n<p style=\"text-align: center;\">Das Wahrzeichen von Heraklion, das Aquila Atlantis, bietet seit \u00fcber f\u00fcnf Jahrzehnten ein raffiniertes Stadterlebnis. Das Hotel ist eine perfekte Mischung aus Gesch\u00e4ft und Freizeit (&#8222;bleisure&#8220;, wenn Sie so wollen) und liegt nur einen Steinwurf vom Arch\u00e4ologischen Museum und dem pulsierenden Stadtzentrum entfernt. Ausgew\u00e4hlte Annehmlichkeiten und Dienstleistungen verbessern jeden Aufenthalt und machen unser Hotel zum idealen Ausgangspunkt f\u00fcr Ihre Gesch\u00e4ftsreise, Ihre Konferenz oder f\u00fcr die Erkundung der reichen Geschichte und Kultur Kretas.  <\/p>\n<p>[\/et_pb_text][\/et_pb_column][\/et_pb_row][\/et_pb_section][et_pb_section fb_built=&#8220;1&#8243; _builder_version=&#8220;4.27.2&#8243; _module_preset=&#8220;default&#8220; background_color=&#8220;RGBA(255,255,255,0)&#8220; custom_margin=&#8220;0px||0px||false|false&#8220; custom_padding=&#8220;0px|0px|0px||false|false&#8220; locked=&#8220;off&#8220; global_colors_info=&#8220;{}&#8220;][et_pb_row custom_padding_last_edited=&#8220;on|tablet&#8220; _builder_version=&#8220;4.27.2&#8243; _module_preset=&#8220;default&#8220; width_tablet=&#8220;&#8220; width_phone=&#8220;90%&#8220; width_last_edited=&#8220;on|phone&#8220; custom_margin=&#8220;0px||0px||false|false&#8220; custom_padding=&#8220;60px||0px||false|false&#8220; custom_padding_tablet=&#8220;30px||0px||false|false&#8220; custom_padding_phone=&#8220;30px||0px||false|false&#8220; global_colors_info=&#8220;{}&#8220;][et_pb_column type=&#8220;4_4&#8243; _builder_version=&#8220;4.27.0&#8243; _module_preset=&#8220;default&#8220; global_colors_info=&#8220;{}&#8220;][et_pb_text _builder_version=&#8220;4.27.4&#8243; _module_preset=&#8220;_initial&#8220; text_font=&#8220;|||on|||||&#8220; text_text_color=&#8220;#313131&#8243; text_line_height=&#8220;1.2em&#8220; custom_margin=&#8220;0px|0px|0px|0px|false|false&#8220; custom_margin_tablet=&#8220;120px|0px|5px|0px|false|false&#8220; custom_margin_phone=&#8220;20px|0px|5px|0px|false|false&#8220; custom_margin_last_edited=&#8220;on|phone&#8220; custom_padding=&#8220;0px|0px|0px|0px|false|false&#8220; locked=&#8220;off&#8220; global_colors_info=&#8220;{}&#8220;]<\/p>\n<p><strong>HOTEL-ANNEHMLICHKEITEN<\/strong><\/p>\n<p>[\/et_pb_text][et_pb_text _builder_version=&#8220;4.27.4&#8243; _module_preset=&#8220;_initial&#8220; custom_margin=&#8220;10px||||false|false&#8220; custom_margin_tablet=&#8220;10px||||false|false&#8220; custom_margin_phone=&#8220;10px||||false|false&#8220; custom_margin_last_edited=&#8220;on|desktop&#8220; global_colors_info=&#8220;{}&#8220;]<\/p>\n<ul>\n<li>164 Zimmer und Suiten<\/li>\n<li>1 Restaurants &amp; 1 Bar<\/li>\n<li>Schwimmb\u00e4der: 1 Au\u00dfenpool auf dem Dach &amp; 1 Halb-Innenpool<\/li>\n<li>Spa powered by Aegeo Spas: Angebot an Gesichtsbehandlungen, K\u00f6rperbehandlungen, Massagen<\/li>\n<li>Zahlreiche Ausflugsm\u00f6glichkeiten und Bootsfahrten in der Umgebung. Auto-, Motorrad- und Fahrradverleih <\/li>\n<li>Business Center<\/li>\n<li>Konferenzeinrichtungen<\/li>\n<li>Behindertenfreundlich: Mit Rampen f\u00fcr G\u00e4ste, die einen Rollstuhl benutzen<\/li>\n<\/ul>\n<p>[\/et_pb_text][\/et_pb_column][\/et_pb_row][et_pb_row custom_padding_last_edited=&#8220;on|tablet&#8220; _builder_version=&#8220;4.27.0&#8243; _module_preset=&#8220;default&#8220; width_tablet=&#8220;&#8220; width_phone=&#8220;90%&#8220; width_last_edited=&#8220;on|phone&#8220; custom_margin=&#8220;0px||0px||false|false&#8220; custom_padding=&#8220;40px||0px||false|false&#8220; custom_padding_tablet=&#8220;0px||0px||false|false&#8220; custom_padding_phone=&#8220;0px||0px||false|false&#8220; global_colors_info=&#8220;{}&#8220;][et_pb_column type=&#8220;4_4&#8243; _builder_version=&#8220;4.27.0&#8243; _module_preset=&#8220;default&#8220; global_colors_info=&#8220;{}&#8220;][et_pb_text _builder_version=&#8220;4.27.4&#8243; _module_preset=&#8220;_initial&#8220; text_font=&#8220;|||on|||||&#8220; text_text_color=&#8220;#313131&#8243; text_line_height=&#8220;1.2em&#8220; custom_margin=&#8220;0px|0px|0px|0px|false|false&#8220; custom_margin_tablet=&#8220;120px|0px|5px|0px|false|false&#8220; custom_margin_phone=&#8220;20px|0px|5px|0px|false|false&#8220; custom_margin_last_edited=&#8220;on|phone&#8220; custom_padding=&#8220;0px|0px|0px|0px|false|false&#8220; locked=&#8220;off&#8220; global_colors_info=&#8220;{}&#8220;]<\/p>\n<p><strong>HOTEL-DIENSTLEISTUNGEN<\/strong><\/p>\n<p>[\/et_pb_text][et_pb_text _builder_version=&#8220;4.27.4&#8243; _module_preset=&#8220;_initial&#8220; custom_margin=&#8220;10px||||false|false&#8220; custom_margin_tablet=&#8220;10px||||false|false&#8220; custom_margin_phone=&#8220;10px||||false|false&#8220; custom_margin_last_edited=&#8220;on|desktop&#8220; global_colors_info=&#8220;{}&#8220;]<\/p>\n<ul>\n<li>24-Stunden-Rezeption<\/li>\n<li>24-Stunden-Gep\u00e4ckdienst<\/li>\n<li>Kostenloses Wi-Fi im gesamten Hotel<\/li>\n<li>Zimmerservice<\/li>\n<li>Kontinentales Fr\u00fchst\u00fcck: Erh\u00e4ltlich \u00fcber den Zimmerservice (07:00 &#8211; 11:00 Uhr)<\/li>\n<li>Wahl des Kissens<\/li>\n<li>Chemische Reinigung, W\u00e4scherei, B\u00fcgelservice<\/li>\n<li>B\u00fcgeleisen\/ B\u00fcgelbrett (auf Anfrage)<\/li>\n<li>Briefkasten<\/li>\n<li>Regelm\u00e4\u00dfige lokale Busverbindungen<\/li>\n<li>Transferdienste: F\u00fcr eine nahtlose und pers\u00f6nliche Ankunft k\u00f6nnen wir einen privaten Transfer vom Flughafen oder Hafen direkt zum Aquila Atlantis Hotel organisieren.<\/li>\n<li>Auswahl an glutenfreien und veganen Gerichten<\/li>\n<li>Besondere Ern\u00e4hrungsbed\u00fcrfnisse und -st\u00f6rungen (auf Anfrage)<\/li>\n<li>Das Parken auf der Stra\u00dfe ist geb\u00fchrenpflichtig. Private Parkpl\u00e4tze sind jedoch gegen eine Geb\u00fchr verf\u00fcgbar. <\/li>\n<\/ul>\n<p>[\/et_pb_text][\/et_pb_column][\/et_pb_row][et_pb_row column_structure=&#8220;1_2,1_2&#8243; custom_padding_last_edited=&#8220;on|tablet&#8220; _builder_version=&#8220;4.27.2&#8243; _module_preset=&#8220;default&#8220; width_tablet=&#8220;&#8220; width_phone=&#8220;90%&#8220; width_last_edited=&#8220;on|phone&#8220; custom_margin=&#8220;0px||0px||false|false&#8220; custom_padding=&#8220;40px||0px||false|false&#8220; custom_padding_tablet=&#8220;0px||0px||false|false&#8220; custom_padding_phone=&#8220;0px||0px||false|false&#8220; global_colors_info=&#8220;{}&#8220;][et_pb_column type=&#8220;1_2&#8243; _builder_version=&#8220;4.27.0&#8243; _module_preset=&#8220;default&#8220; global_colors_info=&#8220;{}&#8220;][et_pb_text _builder_version=&#8220;4.27.4&#8243; _module_preset=&#8220;_initial&#8220; text_font=&#8220;|||on|||||&#8220; text_text_color=&#8220;#313131&#8243; text_line_height=&#8220;1.2em&#8220; custom_margin=&#8220;0px|0px|0px|0px|false|false&#8220; custom_margin_tablet=&#8220;120px|0px|5px|0px|false|false&#8220; custom_margin_phone=&#8220;20px|0px|5px|0px|false|false&#8220; custom_margin_last_edited=&#8220;on|desktop&#8220; custom_padding=&#8220;0px|0px|0px|0px|false|false&#8220; locked=&#8220;off&#8220; global_colors_info=&#8220;{}&#8220;]<\/p>\n<p><strong>ZIMMERDIENSTE<\/strong><\/p>\n<p>[\/et_pb_text][et_pb_text _builder_version=&#8220;4.27.4&#8243; _module_preset=&#8220;_initial&#8220; custom_margin=&#8220;10px||||false|false&#8220; custom_margin_tablet=&#8220;10px||||false|false&#8220; custom_margin_phone=&#8220;10px||||false|false&#8220; custom_margin_last_edited=&#8220;on|phone&#8220; global_colors_info=&#8220;{}&#8220;]<\/p>\n<ul>\n<li>Ausgew\u00e4hlte Toilettenartikel und Badutensilien<\/li>\n<li>Badem\u00e4ntel<\/li>\n<li>Haartrockner<\/li>\n<li>Wahl des Kissens<\/li>\n<li>Tee-\/Kaffeekocher<\/li>\n<li>Bankschlie\u00dffach<\/li>\n<li>Direktwahl-Telefon<\/li>\n<li>Satelliten-Flachbildschirm-TV<\/li>\n<li>Minibar<\/li>\n<li>Klimatisierung\/Heizung<\/li>\n<li>Weckdienst<\/li>\n<\/ul>\n<p>[\/et_pb_text][\/et_pb_column][et_pb_column type=&#8220;1_2&#8243; _builder_version=&#8220;4.27.0&#8243; _module_preset=&#8220;default&#8220; global_colors_info=&#8220;{}&#8220;][et_pb_text module_class=&#8220;mainTitleHome&#8220; _builder_version=&#8220;4.27.4&#8243; _module_preset=&#8220;_initial&#8220; text_font=&#8220;|||on|||||&#8220; text_text_color=&#8220;#313131&#8243; text_line_height=&#8220;1.2em&#8220; custom_margin=&#8220;0px|0px|0px|0px|false|false&#8220; custom_margin_tablet=&#8220;120px|0px|5px|0px|false|false&#8220; custom_margin_phone=&#8220;20px|0px|5px|0px|false|false&#8220; custom_margin_last_edited=&#8220;on|desktop&#8220; custom_padding=&#8220;0px|0px|0px|0px|false|false&#8220; locked=&#8220;off&#8220; global_colors_info=&#8220;{}&#8220;]&nbsp;[\/et_pb_text][et_pb_text _builder_version=&#8220;4.27.4&#8243; _module_preset=&#8220;_initial&#8220; custom_margin=&#8220;10px||||false|false&#8220; custom_margin_tablet=&#8220;10px||||false|false&#8220; custom_margin_phone=&#8220;0px||||false|false&#8220; custom_margin_last_edited=&#8220;on|phone&#8220; global_colors_info=&#8220;{}&#8220;]<\/p>\n<p>Mythica Exklusiv:<\/p>\n<ul>\n<li>Luxuri\u00f6se Toilettenartikel und Badezimmerausstattung<\/li>\n<li>Badem\u00e4ntel &amp; Hausschuhe<\/li>\n<li>Strandt\u00fccher &amp; Strandtasche<\/li>\n<li>Intelligenter LCD-Satellitenfernseher mit Radio- und Musikkan\u00e4len<\/li>\n<li>Vollst\u00e4ndig ausgestattete Minibar<\/li>\n<li>T\u00e4glicher Abstellservice<\/li>\n<li>Express Check-in\/out<\/li>\n<li>Fr\u00fches Einchecken \/ Sp\u00e4tes Auschecken (bis 18:00 Uhr nach Verf\u00fcgbarkeit)<\/li>\n<\/ul>\n<p>[\/et_pb_text][\/et_pb_column][\/et_pb_row][\/et_pb_section][et_pb_section fb_built=&#8220;1&#8243; _builder_version=&#8220;4.27.2&#8243; _module_preset=&#8220;default&#8220; background_color=&#8220;RGBA(255,255,255,0)&#8220; custom_padding=&#8220;0px|||||&#8220; global_colors_info=&#8220;{}&#8220;][et_pb_row custom_padding_last_edited=&#8220;on|tablet&#8220; _builder_version=&#8220;4.27.0&#8243; _module_preset=&#8220;default&#8220; width_tablet=&#8220;&#8220; width_phone=&#8220;90%&#8220; width_last_edited=&#8220;on|phone&#8220; custom_margin=&#8220;0px||0px||false|false&#8220; custom_padding=&#8220;40px||0px||false|false&#8220; custom_padding_tablet=&#8220;0px||0px||false|false&#8220; custom_padding_phone=&#8220;0px||0px||false|false&#8220; global_colors_info=&#8220;{}&#8220;][et_pb_column type=&#8220;4_4&#8243; _builder_version=&#8220;4.27.0&#8243; _module_preset=&#8220;default&#8220; global_colors_info=&#8220;{}&#8220;][et_pb_text _builder_version=&#8220;4.27.4&#8243; _module_preset=&#8220;_initial&#8220; text_font=&#8220;|||on|||||&#8220; text_text_color=&#8220;#313131&#8243; text_line_height=&#8220;1.2em&#8220; custom_margin=&#8220;0px|0px|0px|0px|false|false&#8220; custom_margin_tablet=&#8220;120px|0px|5px|0px|false|false&#8220; custom_margin_phone=&#8220;20px|0px|5px|0px|false|false&#8220; custom_margin_last_edited=&#8220;on|phone&#8220; custom_padding=&#8220;0px|0px|0px|0px|false|false&#8220; locked=&#8220;off&#8220; global_colors_info=&#8220;{}&#8220;]<\/p>\n<p><strong>HOTEL-POLITIK<\/strong><\/p>\n<p>[\/et_pb_text][et_pb_text _builder_version=&#8220;4.27.4&#8243; _module_preset=&#8220;_initial&#8220; custom_margin=&#8220;10px||||false|false&#8220; custom_margin_tablet=&#8220;10px||||false|false&#8220; custom_margin_phone=&#8220;10px||||false|false&#8220; custom_margin_last_edited=&#8220;on|desktop&#8220; hover_enabled=&#8220;0&#8243; global_colors_info=&#8220;{}&#8220; sticky_enabled=&#8220;0&#8243;]<\/p>\n<ul>\n<li>Check-in Richtlinien: Check-in-Zeit: 14:00 | Check-out-Zeit: 11:00<\/li>\n<li>Sp\u00e4ter Check-out: Nach Verf\u00fcgbarkeit und auf Anfrage, gegen Aufpreis<\/li>\n<li>Zustellbett-Politik: Das h\u00e4ngt von der Art des Zimmers und dem Zeitraum ab. Bitte erkundigen Sie sich bei unserem Buchungsteam.<\/li>\n<li>Raucherpolitik: Das Rauchen ist in den Hotelbereichen nicht gestattet, sondern nur in den daf\u00fcr vorgesehenen Au\u00dfenbereichen.<\/li>\n<li>Haustier-Politik: Im Aquila Atlantis Hotel hei\u00dfen wir G\u00e4ste mit Begleithunden willkommen, um einen komfortablen und angenehmen Aufenthalt f\u00fcr alle zu gew\u00e4hrleisten. Bitte kontaktieren Sie uns im Voraus, um Vorkehrungen zu treffen. Andere Haustiere sind nicht erlaubt.<\/li>\n<li>Stornierungsbedingungen: Die Stornierungsbedingungen h\u00e4ngen vom jeweiligen Tarif und der Art Ihrer Reservierung ab. Bitte lesen Sie in Ihrer Reservierungsbest\u00e4tigung nach, um die Details Ihrer Stornierungsbedingungen zu \u00fcberpr\u00fcfen. Sollten Sie weitere Unterst\u00fctzung ben\u00f6tigen oder Fragen haben, z\u00f6gern Sie bitte nicht, uns zu kontaktieren.<\/li>\n<li><strong data-start=\"37\" data-end=\"64\">Nachhaltigkeitspolitik:<\/strong> F\u00fcr weitere Informationen zu unserem Nachhaltigkeitsprogramm <span style=\"text-decoration: underline;\"><a href=\"\/de\/nachhaltigkeit\/\">klicken Sie hier.<\/a><\/span><br data-start=\"143\" data-end=\"146\" data-is-only-node=\"\" \/><strong data-start=\"146\" data-end=\"167\">Barrierefreiheit:<\/strong> F\u00fcr weitere Informationen zur Barrierefreiheit kontaktieren Sie uns bitte unter <a data-start=\"248\" data-end=\"269\" class=\"decorated-link cursor-pointer\" rel=\"noopener\">info@aquilahotels.com<span aria-hidden=\"true\" class=\"ms-0.5 inline-block align-middle leading-none\"><\/span><\/a>\u00a0<\/li>\n<\/ul>\n<p>[\/et_pb_text][\/et_pb_column][\/et_pb_row][et_pb_row custom_padding_last_edited=&#8220;on|tablet&#8220; _builder_version=&#8220;4.27.0&#8243; _module_preset=&#8220;default&#8220; width_tablet=&#8220;&#8220; width_phone=&#8220;90%&#8220; width_last_edited=&#8220;on|phone&#8220; custom_margin=&#8220;0px||0px||false|false&#8220; custom_padding=&#8220;40px||0px||false|false&#8220; custom_padding_tablet=&#8220;0px||0px||false|false&#8220; custom_padding_phone=&#8220;0px||0px||false|false&#8220; global_colors_info=&#8220;{}&#8220;][et_pb_column type=&#8220;4_4&#8243; _builder_version=&#8220;4.27.0&#8243; _module_preset=&#8220;default&#8220; global_colors_info=&#8220;{}&#8220;][et_pb_text _builder_version=&#8220;4.27.4&#8243; _module_preset=&#8220;_initial&#8220; text_font=&#8220;|||on|||||&#8220; text_text_color=&#8220;#313131&#8243; text_line_height=&#8220;1.2em&#8220; custom_margin=&#8220;0px|0px|0px|0px|false|false&#8220; custom_margin_tablet=&#8220;120px|0px|5px|0px|false|false&#8220; custom_margin_phone=&#8220;20px|0px|5px|0px|false|false&#8220; custom_margin_last_edited=&#8220;on|phone&#8220; custom_padding=&#8220;0px|0px|0px|0px|false|false&#8220; locked=&#8220;off&#8220; global_colors_info=&#8220;{}&#8220;]<\/p>\n<p><strong>N\u00dcTZLICHE INFORMATIONEN<\/strong><\/p>\n<p>[\/et_pb_text][et_pb_text _builder_version=&#8220;4.27.4&#8243; _module_preset=&#8220;_initial&#8220; custom_margin=&#8220;10px||||false|false&#8220; custom_margin_tablet=&#8220;10px||||false|false&#8220; custom_margin_phone=&#8220;10px||||false|false&#8220; custom_margin_last_edited=&#8220;on|desktop&#8220; global_colors_info=&#8220;{}&#8220;]<\/p>\n<ul>\n<li>Zeitzone: Von M\u00e4rz bis Mitte Oktober: Osteurop\u00e4ische Zeit (EET) &#8211; GMT+2. Von Mitte Oktober bis M\u00e4rz: Osteurop\u00e4ische Sommerzeit (EEST) &#8211; GMT+3 (Sommerzeit) <\/li>\n<li>Zahlungsw\u00e4hrung: Euro<\/li>\n<li>Akzeptierte Kreditkarten: Visa, Mastercard, Maestro, Diners, AMEX, Union Pay<\/li>\n<li>Die Preise verstehen sich pro Zimmer, pro Nacht, inklusive Mehrwertsteuer.<\/li>\n<li>Die Umweltsteuer wird von der Regierung pro Unterkunft und pro Nacht erhoben. F\u00fcr die Monate Januar bis Ende M\u00e4rz und NOV bis Ende Dezember 4\u20ac. Von April bis Ende Oktober 15\u20ac  <\/li>\n<li>Bargeldtransaktionen in dieser Immobilie d\u00fcrfen aufgrund nationaler Vorschriften 500 EUR nicht \u00fcberschreiten.<\/li>\n<li>Rezeption \/ Concierge\n<ul>\n<li>Die Dienstleistungen der Rezeption umfassen: Weckrufe, Nachrichten, Autovermietung\/Ausfl\u00fcge, Informationen \u00fcber Fluggesellschaften, Kreditkarten, Portier.<\/li>\n<\/ul>\n<\/li>\n<li>Medizinische Informationen: Hotelarzt auf Abruf. Medizinische Versorgung (24-Stunden-Rufbereitschaft), Apotheke 200 m entfernt, Krankenhaus 5 km entfernt. <\/li>\n<\/ul>\n<p>[\/et_pb_text][\/et_pb_column][\/et_pb_row][et_pb_row custom_padding_last_edited=&#8220;on|tablet&#8220; _builder_version=&#8220;4.27.0&#8243; _module_preset=&#8220;default&#8220; width_tablet=&#8220;&#8220; width_phone=&#8220;90%&#8220; width_last_edited=&#8220;on|phone&#8220; custom_margin=&#8220;0px||0px||false|false&#8220; custom_padding=&#8220;40px||0px||false|false&#8220; custom_padding_tablet=&#8220;0px||0px||false|false&#8220; custom_padding_phone=&#8220;0px||0px||false|false&#8220; global_colors_info=&#8220;{}&#8220;][et_pb_column type=&#8220;4_4&#8243; _builder_version=&#8220;4.27.0&#8243; _module_preset=&#8220;default&#8220; global_colors_info=&#8220;{}&#8220;][et_pb_text _builder_version=&#8220;4.27.4&#8243; _module_preset=&#8220;_initial&#8220; text_font=&#8220;|||on|||||&#8220; text_text_color=&#8220;#313131&#8243; text_line_height=&#8220;1.2em&#8220; custom_margin=&#8220;0px|0px|0px|0px|false|false&#8220; custom_margin_tablet=&#8220;120px|0px|5px|0px|false|false&#8220; custom_margin_phone=&#8220;20px|0px|5px|0px|false|false&#8220; custom_margin_last_edited=&#8220;on|phone&#8220; custom_padding=&#8220;0px|0px|0px|0px|false|false&#8220; locked=&#8220;off&#8220; global_colors_info=&#8220;{}&#8220;]<\/p>\n<p><strong>DINING OPTIONEN<\/strong><\/p>\n<p>[\/et_pb_text][et_pb_text _builder_version=&#8220;4.27.4&#8243; _module_preset=&#8220;_initial&#8220; custom_margin=&#8220;10px||||false|false&#8220; custom_margin_tablet=&#8220;10px||||false|false&#8220; custom_margin_phone=&#8220;10px||||false|false&#8220; custom_margin_last_edited=&#8220;on|desktop&#8220; global_colors_info=&#8220;{}&#8220;]<\/p>\n<p>Das Aquila Atlantis Hotel bietet eine Vielzahl von Speisem\u00f6glichkeiten f\u00fcr jede Stimmung und jeden Wunsch: W\u00e4hlen Sie diejenige, die Ihnen am besten gef\u00e4llt!<\/p>\n<ul>\n<li>\u00dcbernachtung und Fr\u00fchst\u00fcck: Beginnen Sie Ihren Tag mit einem k\u00f6stlichen Fr\u00fchst\u00fcck mit frischen, lokalen Zutaten und kretischen Spezialit\u00e4ten.<\/li>\n<li>Halbpension: Genie\u00dfen Sie ein k\u00f6stliches Fr\u00fchst\u00fccks- und Mittags- oder Abendbuffet, das die feinsten kretischen und internationalen Aromen pr\u00e4sentiert.<\/li>\n<\/ul>\n<p>[\/et_pb_text][\/et_pb_column][\/et_pb_row][\/et_pb_section][et_pb_section fb_built=&#8220;1&#8243; disabled_on=&#8220;off|off|on&#8220; module_class=&#8220;stickyBook&#8220; _builder_version=&#8220;4.27.2&#8243; _module_preset=&#8220;default&#8220; background_color=&#8220;#b6a486&#8243; custom_margin=&#8220;0px||0px||false|false&#8220; custom_padding=&#8220;0px||0px||false|false&#8220; locked=&#8220;off&#8220; global_colors_info=&#8220;{}&#8220;][et_pb_row _builder_version=&#8220;4.27.0&#8243; _module_preset=&#8220;default&#8220; custom_margin=&#8220;0px||0px||false|false&#8220; custom_padding=&#8220;10px||10px||false|false&#8220; global_colors_info=&#8220;{}&#8220;][et_pb_column type=&#8220;4_4&#8243; _builder_version=&#8220;4.27.0&#8243; _module_preset=&#8220;default&#8220; global_colors_info=&#8220;{}&#8220;][et_pb_button button_url=&#8220;@ET-DC@eyJkeW5hbWljIjp0cnVlLCJjb250ZW50IjoicG9zdF9saW5rX3VybF9wYWdlIiwic2V0dGluZ3MiOnsicG9zdF9pZCI6IjI1NDAifX0=@&#8220; button_text=&#8220;Preise pr\u00fcfen&#8220; button_alignment=&#8220;center&#8220; admin_label=&#8220;Button&#8220; _builder_version=&#8220;4.27.2&#8243; _dynamic_attributes=&#8220;button_url&#8220; _module_preset=&#8220;default&#8220; custom_button=&#8220;on&#8220; button_text_size=&#8220;17px&#8220; button_text_color=&#8220;#FFFFFF&#8220; button_bg_color=&#8220;#b6a486&#8243; button_border_color=&#8220;rgba(182,164,134,0.66)&#8220; custom_margin=&#8220;0px||0px||false|false&#8220; locked=&#8220;off&#8220; global_colors_info=&#8220;{}&#8220;][\/et_pb_button][\/et_pb_column][\/et_pb_row][\/et_pb_section]<\/p>\n","protected":false},"excerpt":{"rendered":"<p>LERNEN SIE UNSER HOTEL KENNEN Ihr F\u00fchrer zum Aquila Atlantis HotelDas Wahrzeichen von Heraklion, das Aquila Atlantis, bietet seit \u00fcber f\u00fcnf Jahrzehnten ein raffiniertes Stadterlebnis. Das Hotel ist eine perfekte Mischung aus Gesch\u00e4ft und Freizeit (&#8222;bleisure&#8220;, wenn Sie so wollen) und liegt nur einen Steinwurf vom Arch\u00e4ologischen Museum und dem pulsierenden Stadtzentrum entfernt. Ausgew\u00e4hlte Annehmlichkeiten [&hellip;]<\/p>\n","protected":false},"author":2,"featured_media":0,"parent":0,"menu_order":0,"comment_status":"closed","ping_status":"closed","template":"","meta":{"_et_pb_use_builder":"on","_et_pb_old_content":"","_et_gb_content_width":"","footnotes":""},"class_list":["post-2315","page","type-page","status-publish","hentry"],"_links":{"self":[{"href":"https:\/\/hotelatlantis.com\/de\/wp-json\/wp\/v2\/pages\/2315","targetHints":{"allow":["GET"]}}],"collection":[{"href":"https:\/\/hotelatlantis.com\/de\/wp-json\/wp\/v2\/pages"}],"about":[{"href":"https:\/\/hotelatlantis.com\/de\/wp-json\/wp\/v2\/types\/page"}],"author":[{"embeddable":true,"href":"https:\/\/hotelatlantis.com\/de\/wp-json\/wp\/v2\/users\/2"}],"replies":[{"embeddable":true,"href":"https:\/\/hotelatlantis.com\/de\/wp-json\/wp\/v2\/comments?post=2315"}],"version-history":[{"count":14,"href":"https:\/\/hotelatlantis.com\/de\/wp-json\/wp\/v2\/pages\/2315\/revisions"}],"predecessor-version":[{"id":4400,"href":"https:\/\/hotelatlantis.com\/de\/wp-json\/wp\/v2\/pages\/2315\/revisions\/4400"}],"wp:attachment":[{"href":"https:\/\/hotelatlantis.com\/de\/wp-json\/wp\/v2\/media?parent=2315"}],"curies":[{"name":"wp","href":"https:\/\/api.w.org\/{rel}","templated":true}]}}