{"id":2099,"date":"2025-04-22T22:07:09","date_gmt":"2025-04-22T19:07:09","guid":{"rendered":"https:\/\/hotelatlantis.com\/in-der-lobby-bar\/"},"modified":"2025-09-09T20:17:41","modified_gmt":"2025-09-09T17:17:41","slug":"in-der-lobby-bar","status":"publish","type":"page","link":"https:\/\/hotelatlantis.com\/de\/in-der-lobby-bar\/","title":{"rendered":"In der Lobby Bar"},"content":{"rendered":"<p>[et_pb_section fb_built=&#8220;1&#8243; _builder_version=&#8220;4.27.3&#8243; _module_preset=&#8220;default&#8220; background_color=&#8220;#f3eee7&#8243; custom_margin=&#8220;-140px||||false|false&#8220; custom_padding=&#8220;0px||0px|||&#8220; locked=&#8220;off&#8220; global_colors_info=&#8220;{}&#8220;][et_pb_row _builder_version=&#8220;4.27.3&#8243; _module_preset=&#8220;default&#8220; width=&#8220;100%&#8220; max_width=&#8220;2560px&#8220; custom_padding=&#8220;0px||0px|||&#8220; global_colors_info=&#8220;{}&#8220;][et_pb_column type=&#8220;4_4&#8243; _builder_version=&#8220;4.24.3&#8243; _module_preset=&#8220;default&#8220; global_colors_info=&#8220;{}&#8220;][et_pb_slider _builder_version=&#8220;4.27.4&#8243; _module_preset=&#8220;_initial&#8220; header_text_color=&#8220;#FFFFFF&#8220; header_letter_spacing=&#8220;1px&#8220; body_text_color=&#8220;#FFFFFF&#8220; background_image=&#8220;https:\/\/hotelatlantis.com\/wp-content\/uploads\/2025\/04\/Atlantis_Hotel_At-Lobby-Bar_banner_1920x1080.jpg&#8220; min_height=&#8220;803.2px&#8220; hover_enabled=&#8220;0&#8243; global_colors_info=&#8220;{}&#8220; background_last_edited=&#8220;on|desktop&#8220; sticky_enabled=&#8220;0&#8243; alt=&#8220;Aquila Atlantis Hotel&#8220; title_text=&#8220;Aquila Atlantis Hotel&#8220; background_image_phone=&#8220;https:\/\/hotelatlantis.com\/wp-content\/uploads\/2025\/09\/1_1_aquila_hotels_and_resorts_atlantis_2_.jpg&#8220; background_enable_image_phone=&#8220;on&#8220; background_position_phone=&#8220;center&#8220; background_size_phone=&#8220;cover&#8220; parallax_phone=&#8220;off&#8220;][et_pb_slide _builder_version=&#8220;4.27.4&#8243; _module_preset=&#8220;_initial&#8220; header_text_align=&#8220;left&#8220; header_text_color=&#8220;#000000&#8243; body_text_align=&#8220;left&#8220; body_text_color=&#8220;#000000&#8243; parallax=&#8220;on&#8220; hover_enabled=&#8220;0&#8243; global_colors_info=&#8220;{}&#8220; sticky_transition=&#8220;on&#8220; sticky_enabled=&#8220;0&#8243;][\/et_pb_slide][\/et_pb_slider][\/et_pb_column][\/et_pb_row][\/et_pb_section][et_pb_section fb_built=&#8220;1&#8243; _builder_version=&#8220;4.26.0&#8243; _module_preset=&#8220;default&#8220; background_color=&#8220;#f3eee7&#8243; locked=&#8220;off&#8220; global_colors_info=&#8220;{}&#8220;][et_pb_row _builder_version=&#8220;4.26.0&#8243; _module_preset=&#8220;default&#8220; width_tablet=&#8220;&#8220; width_phone=&#8220;90%&#8220; width_last_edited=&#8220;on|phone&#8220; custom_padding=&#8220;||1px|||&#8220; global_colors_info=&#8220;{}&#8220;][et_pb_column type=&#8220;4_4&#8243; _builder_version=&#8220;4.26.0&#8243; _module_preset=&#8220;default&#8220; global_colors_info=&#8220;{}&#8220;][et_pb_text module_class=&#8220;mainTitleHome&#8220; _builder_version=&#8220;4.27.4&#8243; _module_preset=&#8220;_initial&#8220; text_font=&#8220;|||on|||||&#8220; text_text_color=&#8220;#313131&#8243; text_line_height=&#8220;1.2em&#8220; custom_margin=&#8220;0px|0px|5px|0px|false|false&#8220; custom_margin_tablet=&#8220;0px|0px|5px|0px|false|false&#8220; custom_margin_phone=&#8220;0px|0px|5px|0px|false|false&#8220; custom_margin_last_edited=&#8220;on|desktop&#8220; custom_padding=&#8220;0px|0px|0px|0px|false|false&#8220; locked=&#8220;off&#8220; global_colors_info=&#8220;{}&#8220;]<\/p>\n<p>Kaffee &amp; Spirituosen<\/p>\n<p>[\/et_pb_text][et_pb_text _builder_version=&#8220;4.27.4&#8243; _module_preset=&#8220;default&#8220; header_font_size=&#8220;32px&#8220; custom_margin=&#8220;||15px|||&#8220; global_colors_info=&#8220;{}&#8220;]<\/p>\n<h1 class=\"et_pb_slide_title\">In der Lobby Bar<\/h1>\n<p>[\/et_pb_text][\/et_pb_column][\/et_pb_row][et_pb_row column_structure=&#8220;3_4,1_4&#8243; _builder_version=&#8220;4.27.0&#8243; _module_preset=&#8220;default&#8220; width_tablet=&#8220;&#8220; width_phone=&#8220;90%&#8220; width_last_edited=&#8220;on|phone&#8220; custom_padding=&#8220;0px||50px|||&#8220; global_colors_info=&#8220;{}&#8220;][et_pb_column type=&#8220;3_4&#8243; _builder_version=&#8220;4.26.0&#8243; _module_preset=&#8220;default&#8220; global_colors_info=&#8220;{}&#8220;][et_pb_text _builder_version=&#8220;4.27.4&#8243; _module_preset=&#8220;default&#8220; global_colors_info=&#8220;{}&#8220;]\u0391 komfortabler urbaner Raum mit hoher \u00c4sthetik und einer gesch\u00e4ftsfreundlichen Atmosph\u00e4re f\u00fcr Tages- und Abendveranstaltungen.<\/p>\n<p>Die stilvolle und einladende At Lounge Bar ist der perfekte urbane R\u00fcckzugsort und bietet ein anspruchsvolles Ambiente. Genie\u00dfen Sie den ganzen Tag \u00fcber aromatische Kaffees, Kr\u00e4utertees und erfrischende Getr\u00e4nke. Das leichte Mittagsmen\u00fc bietet k\u00f6stliche Optionen wie Club-Sandwiches, Burger, Pinsas und Bao-Br\u00f6tchen. Wenn es Abend wird, verwandelt sich die Bar in eine lebhafte Lounge, in der erfahrene Mixologen eigene Cocktails kreieren und eine ausgew\u00e4hlte Weinkarte zum Entdecken einl\u00e4dt. Die schwarz-wei\u00dfen Fliesen, die hochmoderne Bar mit ihren stilvollen Hockern, die bequemen Sofas und die gro\u00dfen Glasfenster schaffen eine entspannte und doch raffinierte Atmosph\u00e4re f\u00fcr gesellige Zusammenk\u00fcnfte und Momente der Entspannung.[\/et_pb_text][\/et_pb_column][et_pb_column type=&#8220;1_4&#8243; _builder_version=&#8220;4.26.0&#8243; _module_preset=&#8220;default&#8220; global_colors_info=&#8220;{}&#8220;][et_pb_text _builder_version=&#8220;4.27.0&#8243; _module_preset=&#8220;default&#8220; text_font_size=&#8220;11px&#8220; text_line_height=&#8220;2.3em&#8220; custom_margin=&#8220;||-1px|||&#8220; custom_padding=&#8220;0px|||||&#8220; border_radii=&#8220;on|1px|1px|1px|1px&#8220; global_colors_info=&#8220;{}&#8220;]<\/p>\n<p><strong>Servicezeiten:<\/strong><\/p>\n<p>[\/et_pb_text][et_pb_text _builder_version=&#8220;4.27.4&#8243; _module_preset=&#8220;default&#8220; text_font_size=&#8220;12px&#8220; text_line_height=&#8220;2.3em&#8220; custom_margin=&#8220;||-1px|||&#8220; custom_padding=&#8220;0px|||||&#8220; border_radii=&#8220;on|1px|1px|1px|1px&#8220; locked=&#8220;off&#8220; global_colors_info=&#8220;{}&#8220;]<\/p>\n<p><strong>10:00 a.m. &#8211; 01:00 a.m.<\/strong><\/p>\n<p>[\/et_pb_text][\/et_pb_column][\/et_pb_row][et_pb_row column_structure=&#8220;3_4,1_4&#8243; custom_padding_last_edited=&#8220;on|phone&#8220; _builder_version=&#8220;4.27.0&#8243; _module_preset=&#8220;default&#8220; background_color=&#8220;#FFFFFF&#8220; width_tablet=&#8220;&#8220; width_phone=&#8220;90%&#8220; width_last_edited=&#8220;on|phone&#8220; min_height=&#8220;391px&#8220; custom_margin=&#8220;0px||0px||false|false&#8220; custom_padding=&#8220;0px|0px|0px|0px|false|false&#8220; custom_padding_tablet=&#8220;0px|0px|0px|0px|false|false&#8220; custom_padding_phone=&#8220;0px|0px|0px|0px|false|false&#8220; global_colors_info=&#8220;{}&#8220;][et_pb_column type=&#8220;3_4&#8243; _builder_version=&#8220;4.27.0&#8243; _module_preset=&#8220;default&#8220; custom_padding=&#8220;0px|0px|0px|0px|false|false&#8220; global_colors_info=&#8220;{}&#8220;][et_pb_slider _builder_version=&#8220;4.27.4&#8243; _module_preset=&#8220;_initial&#8220; header_text_color=&#8220;#313131&#8243; header_letter_spacing=&#8220;1px&#8220; body_text_color=&#8220;#313131&#8243; width=&#8220;100%&#8220; max_width=&#8220;100%&#8220; content_max_width=&#8220;100%&#8220; min_height=&#8220;500px&#8220; min_height_tablet=&#8220;400px&#8220; min_height_phone=&#8220;300px&#8220; min_height_last_edited=&#8220;on|phone&#8220; global_colors_info=&#8220;{}&#8220;][et_pb_slide _builder_version=&#8220;4.27.4&#8243; _module_preset=&#8220;_initial&#8220; background_image=&#8220;https:\/\/hotelatlantis.com\/wp-content\/uploads\/2025\/04\/Atlantis_Hotel_At-Lobby-Bar_gallery_1_1600x1200.jpg&#8220; background_enable_image=&#8220;on&#8220; global_colors_info=&#8220;{}&#8220; sticky_transition=&#8220;on&#8220;][\/et_pb_slide][et_pb_slide _builder_version=&#8220;4.27.4&#8243; _module_preset=&#8220;_initial&#8220; background_image=&#8220;https:\/\/hotelatlantis.com\/wp-content\/uploads\/2025\/04\/Atlantis_Hotel_At-Lobby-Bar_gallery_2_1600x1200.jpg&#8220; background_enable_image=&#8220;on&#8220; global_colors_info=&#8220;{}&#8220; sticky_transition=&#8220;on&#8220;][\/et_pb_slide][et_pb_slide _builder_version=&#8220;4.27.4&#8243; _module_preset=&#8220;_initial&#8220; background_image=&#8220;https:\/\/hotelatlantis.com\/wp-content\/uploads\/2025\/04\/Atlantis_Hotel_At-Lobby-Bar_gallery_3_1600x1200.jpg&#8220; background_enable_image=&#8220;on&#8220; global_colors_info=&#8220;{}&#8220; sticky_transition=&#8220;on&#8220;][\/et_pb_slide][et_pb_slide _builder_version=&#8220;4.27.4&#8243; _module_preset=&#8220;_initial&#8220; background_image=&#8220;https:\/\/hotelatlantis.com\/wp-content\/uploads\/2025\/04\/Atlantis_Hotel_At-Lobby-Bar_gallery_4_1600x1200.jpg&#8220; background_enable_image=&#8220;on&#8220; global_colors_info=&#8220;{}&#8220; sticky_transition=&#8220;on&#8220;][\/et_pb_slide][et_pb_slide _builder_version=&#8220;4.27.4&#8243; _module_preset=&#8220;_initial&#8220; background_image=&#8220;https:\/\/hotelatlantis.com\/wp-content\/uploads\/2025\/04\/Atlantis_Hotel_At-Lobby-Bar_gallery_5_1600x1200.jpg&#8220; background_enable_image=&#8220;on&#8220; global_colors_info=&#8220;{}&#8220; sticky_transition=&#8220;on&#8220;][\/et_pb_slide][\/et_pb_slider][\/et_pb_column][et_pb_column type=&#8220;1_4&#8243; _builder_version=&#8220;4.27.0&#8243; _module_preset=&#8220;default&#8220; custom_padding=&#8220;0px|0px|0px|0px|false|false&#8220; global_colors_info=&#8220;{}&#8220;][et_pb_text content_tablet=&#8220;<\/p>\n<p style=%22text-align: center;%22><strong>Men\u00fcs ansehen:<\/strong><\/p>\n<p>&#8220; content_phone=&#8220;<\/p>\n<p style=%22text-align: center;%22><strong>Men\u00fcs ansehen:<\/strong><\/p>\n<div id=%22awebChromeHelper%22 data-version=%221.23.2%22><\/div>\n<p>&#8220; content_last_edited=&#8220;on|phone&#8220; _builder_version=&#8220;4.27.0&#8243; _module_preset=&#8220;default&#8220; text_font_size=&#8220;11px&#8220; text_line_height=&#8220;2.3em&#8220; custom_margin=&#8220;30px||0px||false|false&#8220; custom_padding=&#8220;||||false|false&#8220; custom_padding_tablet=&#8220;||||false|false&#8220; custom_padding_phone=&#8220;||||false|false&#8220; custom_padding_last_edited=&#8220;on|desktop&#8220; border_radii=&#8220;on|1px|1px|1px|1px&#8220; locked=&#8220;off&#8220; global_colors_info=&#8220;{}&#8220;]<\/p>\n<p><strong>Men\u00fcs ansehen:<\/strong><\/p>\n<p>[\/et_pb_text][et_pb_button button_url=&#8220;https:\/\/books.emd.systems\/flipbook\/atlantis-akali\/&#8220; url_new_window=&#8220;on&#8220; button_text=&#8220;Men\u00fc der Lobby Bar&#8220; button_alignment_tablet=&#8220;center&#8220; button_alignment_phone=&#8220;center&#8220; button_alignment_last_edited=&#8220;on|phone&#8220; _builder_version=&#8220;4.27.4&#8243; _module_preset=&#8220;default&#8220; custom_button=&#8220;on&#8220; button_text_size=&#8220;14px&#8220; button_text_color=&#8220;#b6a486&#8243; button_bg_color=&#8220;RGBA(255,255,255,0)&#8220; button_border_color=&#8220;#b6a486&#8243; button_icon=&#8220;&#x22;||divi||400&#8243; button_icon_color=&#8220;#b6a486&#8243; button_on_hover=&#8220;off&#8220; custom_margin=&#8220;16px||15px||false|false&#8220; locked=&#8220;off&#8220; global_colors_info=&#8220;{}&#8220;][\/et_pb_button][\/et_pb_column][\/et_pb_row][et_pb_row custom_padding_last_edited=&#8220;on|phone&#8220; _builder_version=&#8220;4.27.4&#8243; _module_preset=&#8220;default&#8220; width_tablet=&#8220;&#8220; width_phone=&#8220;90%&#8220; width_last_edited=&#8220;on|phone&#8220; custom_padding=&#8220;70px||100px|||&#8220; custom_padding_tablet=&#8220;70px||100px|||&#8220; custom_padding_phone=&#8220;70px||0px||false|false&#8220; locked=&#8220;off&#8220; global_colors_info=&#8220;{}&#8220;][et_pb_column type=&#8220;4_4&#8243; _builder_version=&#8220;4.24.3&#8243; _module_preset=&#8220;default&#8220; global_colors_info=&#8220;{}&#8220;][et_pb_text _builder_version=&#8220;4.27.4&#8243; _module_preset=&#8220;default&#8220; global_colors_info=&#8220;{}&#8220;]<\/p>\n<p><em><strong>Nahrungsmittelallergien:<\/strong> Bitte informieren Sie uns \u00fcber alle Allergien oder Unvertr\u00e4glichkeiten. Vegetarische, vegane und glutenfreie Gerichte sind erh\u00e4ltlich. <\/em><\/p>\n<p>[\/et_pb_text][\/et_pb_column][\/et_pb_row][\/et_pb_section]<\/p>\n","protected":false},"excerpt":{"rendered":"<p>Kaffee &amp; SpirituosenIn der Lobby Bar\u0391 komfortabler urbaner Raum mit hoher \u00c4sthetik und einer gesch\u00e4ftsfreundlichen Atmosph\u00e4re f\u00fcr Tages- und Abendveranstaltungen. Die stilvolle und einladende At Lounge Bar ist der perfekte urbane R\u00fcckzugsort und bietet ein anspruchsvolles Ambiente. Genie\u00dfen Sie den ganzen Tag \u00fcber aromatische Kaffees, Kr\u00e4utertees und erfrischende Getr\u00e4nke. Das leichte Mittagsmen\u00fc bietet k\u00f6stliche Optionen [&hellip;]<\/p>\n","protected":false},"author":2,"featured_media":0,"parent":0,"menu_order":0,"comment_status":"closed","ping_status":"closed","template":"","meta":{"_et_pb_use_builder":"on","_et_pb_old_content":"","_et_gb_content_width":"","footnotes":""},"class_list":["post-2099","page","type-page","status-publish","hentry"],"_links":{"self":[{"href":"https:\/\/hotelatlantis.com\/de\/wp-json\/wp\/v2\/pages\/2099","targetHints":{"allow":["GET"]}}],"collection":[{"href":"https:\/\/hotelatlantis.com\/de\/wp-json\/wp\/v2\/pages"}],"about":[{"href":"https:\/\/hotelatlantis.com\/de\/wp-json\/wp\/v2\/types\/page"}],"author":[{"embeddable":true,"href":"https:\/\/hotelatlantis.com\/de\/wp-json\/wp\/v2\/users\/2"}],"replies":[{"embeddable":true,"href":"https:\/\/hotelatlantis.com\/de\/wp-json\/wp\/v2\/comments?post=2099"}],"version-history":[{"count":20,"href":"https:\/\/hotelatlantis.com\/de\/wp-json\/wp\/v2\/pages\/2099\/revisions"}],"predecessor-version":[{"id":4357,"href":"https:\/\/hotelatlantis.com\/de\/wp-json\/wp\/v2\/pages\/2099\/revisions\/4357"}],"wp:attachment":[{"href":"https:\/\/hotelatlantis.com\/de\/wp-json\/wp\/v2\/media?parent=2099"}],"curies":[{"name":"wp","href":"https:\/\/api.w.org\/{rel}","templated":true}]}}